{"id":1131,"date":"2023-10-19T16:56:30","date_gmt":"2023-10-19T14:56:30","guid":{"rendered":"https:\/\/muziekacademieamsterdam.com\/?page_id=1131"},"modified":"2025-07-10T21:48:35","modified_gmt":"2025-07-10T20:48:35","slug":"bass-lessons","status":"publish","type":"page","link":"https:\/\/muziekacademieamsterdam.com\/nl\/lessons\/bass-lessons\/","title":{"rendered":"Baslessen"},"content":{"rendered":"<div data-elementor-type=\"wp-post\" data-elementor-id=\"1131\" class=\"elementor elementor-1131\">\n\t\t\t\t\t\t<section class=\"elementor-section elementor-top-section elementor-element elementor-element-96acb0d elementor-section-full_width elementor-section-stretched elementor-section-height-default elementor-section-height-default\" data-id=\"96acb0d\" data-element_type=\"section\" data-e-type=\"section\" data-settings=\"{&quot;stretch_section&quot;:&quot;section-stretched&quot;,&quot;background_background&quot;:&quot;classic&quot;}\">\n\t\t\t\t\t\t\t<div class=\"elementor-background-overlay\"><\/div>\n\t\t\t\t\t\t\t<div class=\"elementor-container elementor-column-gap-wider\">\n\t\t\t\t\t<div class=\"elementor-column elementor-col-100 elementor-top-column elementor-element elementor-element-ecf1ca9\" data-id=\"ecf1ca9\" data-element_type=\"column\" data-e-type=\"column\">\n\t\t\t<div class=\"elementor-widget-wrap\">\n\t\t\t\t\t\t\t<\/div>\n\t\t<\/div>\n\t\t\t\t\t<\/div>\n\t\t<\/section>\n\t\t\t\t<section class=\"elementor-section elementor-top-section elementor-element elementor-element-4140574 elementor-section-stretched elementor-section-boxed elementor-section-height-default elementor-section-height-default\" data-id=\"4140574\" data-element_type=\"section\" data-e-type=\"section\" data-settings=\"{&quot;stretch_section&quot;:&quot;section-stretched&quot;,&quot;background_background&quot;:&quot;classic&quot;}\">\n\t\t\t\t\t\t<div class=\"elementor-container elementor-column-gap-default\">\n\t\t\t\t\t<div class=\"elementor-column elementor-col-100 elementor-top-column elementor-element elementor-element-203caf8\" data-id=\"203caf8\" data-element_type=\"column\" data-e-type=\"column\" data-settings=\"{&quot;background_background&quot;:&quot;classic&quot;}\">\n\t\t\t<div class=\"elementor-widget-wrap elementor-element-populated\">\n\t\t\t\t\t\t<section class=\"elementor-section elementor-inner-section elementor-element elementor-element-324b38a elementor-section-boxed elementor-section-height-default elementor-section-height-default\" data-id=\"324b38a\" data-element_type=\"section\" data-e-type=\"section\">\n\t\t\t\t\t\t<div class=\"elementor-container elementor-column-gap-default\">\n\t\t\t\t\t<div class=\"elementor-column elementor-col-25 elementor-inner-column elementor-element elementor-element-b545994\" data-id=\"b545994\" data-element_type=\"column\" data-e-type=\"column\">\n\t\t\t<div class=\"elementor-widget-wrap elementor-element-populated\">\n\t\t\t\t\t\t<div class=\"elementor-element elementor-element-b70f766 elementor-widget elementor-widget-heading\" data-id=\"b70f766\" data-element_type=\"widget\" data-e-type=\"widget\" data-widget_type=\"heading.default\">\n\t\t\t\t<div class=\"elementor-widget-container\">\n\t\t\t\t\t<h1 class=\"elementor-heading-title elementor-size-default\">Baslessen<\/h1>\t\t\t\t<\/div>\n\t\t\t\t<\/div>\n\t\t\t\t\t<\/div>\n\t\t<\/div>\n\t\t<a class=\"eael-wrapper-link-10389a2 --eael-wrapper-link-tag\" href=\"#children\"><\/a>\t\t<div data-eael-wrapper-link=\"eael-wrapper-link-10389a2\" class=\"elementor-column elementor-col-25 elementor-inner-column elementor-element elementor-element-10389a2\" data-id=\"10389a2\" data-element_type=\"column\" data-e-type=\"column\">\n\t\t\t<div class=\"elementor-widget-wrap elementor-element-populated\">\n\t\t\t\t\t\t<div class=\"elementor-element elementor-element-9e2c7a7 elementor-widget elementor-widget-heading\" data-id=\"9e2c7a7\" data-element_type=\"widget\" data-e-type=\"widget\" data-widget_type=\"heading.default\">\n\t\t\t\t<div class=\"elementor-widget-container\">\n\t\t\t\t\t<h5 class=\"elementor-heading-title elementor-size-default\">Kinderen en tieners<\/h5>\t\t\t\t<\/div>\n\t\t\t\t<\/div>\n\t\t\t\t\t<\/div>\n\t\t<\/div>\n\t\t<a class=\"eael-wrapper-link-2051475 --eael-wrapper-link-tag\" href=\"#adults\"><\/a>\t\t<div data-eael-wrapper-link=\"eael-wrapper-link-2051475\" class=\"elementor-column elementor-col-25 elementor-inner-column elementor-element elementor-element-2051475\" data-id=\"2051475\" data-element_type=\"column\" data-e-type=\"column\">\n\t\t\t<div class=\"elementor-widget-wrap elementor-element-populated\">\n\t\t\t\t<a class=\"eael-wrapper-link-03db697 --eael-wrapper-link-tag\" href=\"#adults\"><\/a>\t\t<div data-eael-wrapper-link=\"eael-wrapper-link-03db697\" class=\"elementor-element elementor-element-03db697 elementor-widget elementor-widget-heading\" data-id=\"03db697\" data-element_type=\"widget\" data-e-type=\"widget\" data-widget_type=\"heading.default\">\n\t\t\t\t<div class=\"elementor-widget-container\">\n\t\t\t\t\t<h5 class=\"elementor-heading-title elementor-size-default\">Volwassenen<\/h5>\t\t\t\t<\/div>\n\t\t\t\t<\/div>\n\t\t\t\t\t<\/div>\n\t\t<\/div>\n\t\t\t\t<div class=\"elementor-column elementor-col-25 elementor-inner-column elementor-element elementor-element-a29c810\" data-id=\"a29c810\" data-element_type=\"column\" data-e-type=\"column\">\n\t\t\t<div class=\"elementor-widget-wrap elementor-element-populated\">\n\t\t\t\t\t\t<div class=\"elementor-element elementor-element-4a8561d elementor-widget__width-initial elementor-widget elementor-widget-heading\" data-id=\"4a8561d\" data-element_type=\"widget\" data-e-type=\"widget\" data-widget_type=\"heading.default\">\n\t\t\t\t<div class=\"elementor-widget-container\">\n\t\t\t\t\t<h2 class=\"elementor-heading-title elementor-size-default\">Vraag een proefles aan!<\/h2>\t\t\t\t<\/div>\n\t\t\t\t<\/div>\n\t\t\t\t\t<\/div>\n\t\t<\/div>\n\t\t\t\t\t<\/div>\n\t\t<\/section>\n\t\t\t\t\t<\/div>\n\t\t<\/div>\n\t\t\t\t\t<\/div>\n\t\t<\/section>\n\t\t\t\t<section class=\"elementor-section elementor-top-section elementor-element elementor-element-d59e132 elementor-section-stretched elementor-reverse-tablet elementor-reverse-mobile elementor-section-boxed elementor-section-height-default elementor-section-height-default\" data-id=\"d59e132\" data-element_type=\"section\" data-e-type=\"section\" data-settings=\"{&quot;stretch_section&quot;:&quot;section-stretched&quot;,&quot;background_background&quot;:&quot;classic&quot;}\">\n\t\t\t\t\t\t<div class=\"elementor-container elementor-column-gap-default\">\n\t\t\t\t\t<div class=\"elementor-column elementor-col-50 elementor-top-column elementor-element elementor-element-d16ad61\" data-id=\"d16ad61\" data-element_type=\"column\" data-e-type=\"column\">\n\t\t\t<div class=\"elementor-widget-wrap\">\n\t\t\t\t\t\t\t<\/div>\n\t\t<\/div>\n\t\t\t\t<div class=\"elementor-column elementor-col-50 elementor-top-column elementor-element elementor-element-dd3cbbb\" data-id=\"dd3cbbb\" data-element_type=\"column\" data-e-type=\"column\" data-settings=\"{&quot;background_background&quot;:&quot;classic&quot;}\">\n\t\t\t<div class=\"elementor-widget-wrap elementor-element-populated\">\n\t\t\t\t\t\t<div class=\"elementor-element elementor-element-cfe42b8 elementor-mobile-align-left arrow-right elementor-tablet-align-justify elementor-widget elementor-widget-button\" data-id=\"cfe42b8\" data-element_type=\"widget\" data-e-type=\"widget\" data-widget_type=\"button.default\">\n\t\t\t\t<div class=\"elementor-widget-container\">\n\t\t\t\t\t\t\t\t\t<div class=\"elementor-button-wrapper\">\n\t\t\t\t\t<a class=\"elementor-button elementor-button-link elementor-size-sm\" href=\"https:\/\/muziekacademieamsterdam.com\/nl\/trial-lesson\/\">\n\t\t\t\t\t\t<span class=\"elementor-button-content-wrapper\">\n\t\t\t\t\t\t<span class=\"elementor-button-icon\">\n\t\t\t\t<i aria-hidden=\"true\" class=\"fas fa-caret-right\"><\/i>\t\t\t<\/span>\n\t\t\t\t\t\t\t\t\t<span class=\"elementor-button-text\">Nu aanvragen<\/span>\n\t\t\t\t\t<\/span>\n\t\t\t\t\t<\/a>\n\t\t\t\t<\/div>\n\t\t\t\t\t\t\t\t<\/div>\n\t\t\t\t<\/div>\n\t\t\t\t\t<\/div>\n\t\t<\/div>\n\t\t\t\t\t<\/div>\n\t\t<\/section>\n\t\t\t\t<section class=\"elementor-section elementor-top-section elementor-element elementor-element-948c85a elementor-section-boxed elementor-section-height-default elementor-section-height-default\" data-id=\"948c85a\" data-element_type=\"section\" data-e-type=\"section\">\n\t\t\t\t\t\t<div class=\"elementor-container elementor-column-gap-default\">\n\t\t\t\t\t<div class=\"elementor-column elementor-col-100 elementor-top-column elementor-element elementor-element-c74c563\" data-id=\"c74c563\" data-element_type=\"column\" data-e-type=\"column\">\n\t\t\t<div class=\"elementor-widget-wrap elementor-element-populated\">\n\t\t\t\t\t\t<section class=\"elementor-section elementor-inner-section elementor-element elementor-element-cd0f013 elementor-section-boxed elementor-section-height-default elementor-section-height-default\" data-id=\"cd0f013\" data-element_type=\"section\" data-e-type=\"section\">\n\t\t\t\t\t\t<div class=\"elementor-container elementor-column-gap-default\">\n\t\t\t\t\t<div class=\"elementor-column elementor-col-50 elementor-inner-column elementor-element elementor-element-c3b1ad9\" data-id=\"c3b1ad9\" data-element_type=\"column\" data-e-type=\"column\">\n\t\t\t<div class=\"elementor-widget-wrap elementor-element-populated\">\n\t\t\t\t\t\t<div class=\"elementor-element elementor-element-7614eaf elementor-widget elementor-widget-heading\" data-id=\"7614eaf\" data-element_type=\"widget\" data-e-type=\"widget\" data-widget_type=\"heading.default\">\n\t\t\t\t<div class=\"elementor-widget-container\">\n\t\t\t\t\t<h2 class=\"elementor-heading-title elementor-size-default\">Kinderen en tieners<\/h2>\t\t\t\t<\/div>\n\t\t\t\t<\/div>\n\t\t\t\t<div class=\"elementor-element elementor-element-23ab952 elementor-widget elementor-widget-text-editor\" data-id=\"23ab952\" data-element_type=\"widget\" data-e-type=\"widget\" data-widget_type=\"text-editor.default\">\n\t\t\t\t<div class=\"elementor-widget-container\">\n\t\t\t\t\t\t\t\t\t<p>Bij Muziekacademie Amsterdam bieden we baslessen aan voor kinderen vanaf 6 jaar.&nbsp;<\/p>\n<p>Onze baslessen voor kinderen zijn speciaal ontworpen voor jonge, ambitieuze bassisten. De lessen zijn boeiend en gericht op het ontwikkelen van een sterke technische basis, terwijl het leerproces plezierig en interactief wordt gemaakt.<\/p>\n<p><strong>Hoofdzaken:<\/strong><\/p>\n<ul>\n<li><strong>Solide techniek<\/strong>: Onze toegewijde instructeurs begeleiden de student door de essentie van de bastechniek. Ze leren vanaf het begin de juiste handplaatsing en vingerco\u00f6rdinatie.<\/li>\n<li><strong>Houding<\/strong>: Wij benadrukken het belang van een correcte en ontspannen houding om het comfort van de studenten te garanderen en de basis te leggen voor een leven lang moeiteloos basspelen.<\/li>\n<li><strong>Leren met plezier<\/strong>: Muziek leren moet leuk zijn! Door middel van interactieve spelletjes, creatieve oefeningen en boeiende activiteiten houden wij kinderen enthousiast over hun muzikale reis. Van muziekspelletjes tot thematische oefenuitdagingen, wij zorgen voor een vreugdevolle leerervaring.<\/li>\n<li><strong>Muzikale basis<\/strong>: Terwijl ze een geweldige tijd hebben, zullen de studenten ook essenti\u00eble muzikale vaardigheden aanscherpen, zoals dynamiek en ritme. Ze leren een sterk gevoel voor timing, waarmee ze de basis leggen voor hun muzikale groei.<\/li>\n<li><strong>Muziek lezen<\/strong>: Onze lessen leggen een sterke nadruk op het lezen en begrijpen van muziek. Kinderen zullen geleidelijk hun vaardigheid in het lezen van bladmuziek, tabs en leadsheets vergroten, waardoor ze een breed scala aan liedjes en genres kunnen ontdekken.<br>In onze lessen voor kinderen en tieners leggen wij, naast al het bovenstaande, een sterke focus op de individuele doelen en muziekvoorkeuren van elke leerling. Deze aanpak zorgt ervoor dat studenten gemotiveerd blijven en nieuwe vaardigheden en technieken blijven leren terwijl ze hun favoriete nummers spelen.<\/li>\n<\/ul>\n<p>In onze lessen voor kinderen en tieners leggen wij, naast al het bovenstaande, een sterke focus op de individuele doelen en muziekvoorkeuren van elke leerling. Deze aanpak zorgt ervoor dat studenten gemotiveerd blijven en nieuwe vaardigheden en technieken blijven leren terwijl ze hun favoriete nummers spelen.<\/p>\n<p>Naast onze individuele lessen bieden wij ook bandworkshops aan voor kinderen vanaf 10 jaar waarbij alle leerlingen, vanaf een gevorderd beginnersniveau, welkom zijn om mee te doen en alles te leren over spelen, repeteren en natuurlijk optreden met een band!<\/p>\t\t\t\t\t\t\t\t<\/div>\n\t\t\t\t<\/div>\n\t\t\t\t<div class=\"elementor-element elementor-element-1bdc6c9 elementor-mobile-align-center elementor-widget elementor-widget-button\" data-id=\"1bdc6c9\" data-element_type=\"widget\" data-e-type=\"widget\" data-widget_type=\"button.default\">\n\t\t\t\t<div class=\"elementor-widget-container\">\n\t\t\t\t\t\t\t\t\t<div class=\"elementor-button-wrapper\">\n\t\t\t\t\t<a class=\"elementor-button elementor-button-link elementor-size-sm\" href=\"https:\/\/muziekacademieamsterdam.com\/nl\/band-workshop\/\">\n\t\t\t\t\t\t<span class=\"elementor-button-content-wrapper\">\n\t\t\t\t\t\t<span class=\"elementor-button-icon\">\n\t\t\t\t<i aria-hidden=\"true\" class=\"fas fa-caret-right\"><\/i>\t\t\t<\/span>\n\t\t\t\t\t\t\t\t\t<span class=\"elementor-button-text\">Band workshop<\/span>\n\t\t\t\t\t<\/span>\n\t\t\t\t\t<\/a>\n\t\t\t\t<\/div>\n\t\t\t\t\t\t\t\t<\/div>\n\t\t\t\t<\/div>\n\t\t\t\t<div class=\"elementor-element elementor-element-07373a7 elementor-mobile-align-center elementor-widget elementor-widget-button\" data-id=\"07373a7\" data-element_type=\"widget\" data-e-type=\"widget\" data-widget_type=\"button.default\">\n\t\t\t\t<div class=\"elementor-widget-container\">\n\t\t\t\t\t\t\t\t\t<div class=\"elementor-button-wrapper\">\n\t\t\t\t\t<a class=\"elementor-button elementor-button-link elementor-size-sm\" href=\"https:\/\/muziekacademieamsterdam.com\/nl\/trial-lesson\/\">\n\t\t\t\t\t\t<span class=\"elementor-button-content-wrapper\">\n\t\t\t\t\t\t<span class=\"elementor-button-icon\">\n\t\t\t\t<i aria-hidden=\"true\" class=\"fas fa-caret-right\"><\/i>\t\t\t<\/span>\n\t\t\t\t\t\t\t\t\t<span class=\"elementor-button-text\">Proefles<\/span>\n\t\t\t\t\t<\/span>\n\t\t\t\t\t<\/a>\n\t\t\t\t<\/div>\n\t\t\t\t\t\t\t\t<\/div>\n\t\t\t\t<\/div>\n\t\t\t\t\t<\/div>\n\t\t<\/div>\n\t\t\t\t<div class=\"elementor-column elementor-col-50 elementor-inner-column elementor-element elementor-element-06113c3\" data-id=\"06113c3\" data-element_type=\"column\" data-e-type=\"column\">\n\t\t\t<div class=\"elementor-widget-wrap elementor-element-populated\">\n\t\t\t\t\t\t<div class=\"elementor-element elementor-element-388c2c7 elementor-widget elementor-widget-image\" data-id=\"388c2c7\" data-element_type=\"widget\" data-e-type=\"widget\" data-widget_type=\"image.default\">\n\t\t\t\t<div class=\"elementor-widget-container\">\n\t\t\t\t\t\t\t\t\t\t\t\t\t\t\t<img fetchpriority=\"high\" decoding=\"async\" width=\"480\" height=\"632\" src=\"https:\/\/muziekacademieamsterdam.com\/wp-content\/uploads\/2023\/10\/420157_3562296060698_847485543_n-480x632.jpeg\" class=\"attachment-large size-large wp-image-2178\" alt=\"Professional bass lessons Amsterdam\" srcset=\"https:\/\/muziekacademieamsterdam.com\/wp-content\/uploads\/2023\/10\/420157_3562296060698_847485543_n.jpeg 480w, https:\/\/muziekacademieamsterdam.com\/wp-content\/uploads\/2023\/10\/420157_3562296060698_847485543_n-228x300.jpeg 228w, https:\/\/muziekacademieamsterdam.com\/wp-content\/uploads\/2023\/10\/420157_3562296060698_847485543_n-114x150.jpeg 114w, https:\/\/muziekacademieamsterdam.com\/wp-content\/uploads\/2023\/10\/420157_3562296060698_847485543_n-9x12.jpeg 9w\" sizes=\"(max-width: 480px) 100vw, 480px\" \/>\t\t\t\t\t\t\t\t\t\t\t\t\t\t\t<\/div>\n\t\t\t\t<\/div>\n\t\t\t\t\t<\/div>\n\t\t<\/div>\n\t\t\t\t\t<\/div>\n\t\t<\/section>\n\t\t\t\t\t<\/div>\n\t\t<\/div>\n\t\t\t\t\t<\/div>\n\t\t<\/section>\n\t\t\t\t<section class=\"elementor-section elementor-top-section elementor-element elementor-element-4bfe125 elementor-section-stretched elementor-section-boxed elementor-section-height-default elementor-section-height-default\" data-id=\"4bfe125\" data-element_type=\"section\" data-e-type=\"section\" data-settings=\"{&quot;stretch_section&quot;:&quot;section-stretched&quot;,&quot;background_background&quot;:&quot;classic&quot;}\">\n\t\t\t\t\t\t<div class=\"elementor-container elementor-column-gap-default\">\n\t\t\t\t\t<div class=\"elementor-column elementor-col-100 elementor-top-column elementor-element elementor-element-65ee8fa\" data-id=\"65ee8fa\" data-element_type=\"column\" data-e-type=\"column\">\n\t\t\t<div class=\"elementor-widget-wrap elementor-element-populated\">\n\t\t\t\t\t\t<section class=\"elementor-section elementor-inner-section elementor-element elementor-element-ca0c9d4 elementor-section-boxed elementor-section-height-default elementor-section-height-default\" data-id=\"ca0c9d4\" data-element_type=\"section\" data-e-type=\"section\">\n\t\t\t\t\t\t<div class=\"elementor-container elementor-column-gap-default\">\n\t\t\t\t\t<div class=\"elementor-column elementor-col-50 elementor-inner-column elementor-element elementor-element-7bfe2da\" data-id=\"7bfe2da\" data-element_type=\"column\" data-e-type=\"column\">\n\t\t\t<div class=\"elementor-widget-wrap elementor-element-populated\">\n\t\t\t\t\t\t<div class=\"elementor-element elementor-element-2291732 elementor-widget elementor-widget-heading\" data-id=\"2291732\" data-element_type=\"widget\" data-e-type=\"widget\" data-widget_type=\"heading.default\">\n\t\t\t\t<div class=\"elementor-widget-container\">\n\t\t\t\t\t<h2 class=\"elementor-heading-title elementor-size-default\">Volwassenen<\/h2>\t\t\t\t<\/div>\n\t\t\t\t<\/div>\n\t\t\t\t<div class=\"elementor-element elementor-element-9b6a238 elementor-widget elementor-widget-text-editor\" data-id=\"9b6a238\" data-element_type=\"widget\" data-e-type=\"widget\" data-widget_type=\"text-editor.default\">\n\t\t\t\t<div class=\"elementor-widget-container\">\n\t\t\t\t\t\t\t\t\t<p>Bij onze \u00e9\u00e9n-op-\u00e9\u00e9n baslessen voor volwassenen beginnen we met het begrijpen van de muzikale smaak en het vaardigheidsniveau van elke leerling. Onze ervaren docenten maken vervolgens een persoonlijk plan om de leerlingen stap voor stap te helpen hun doelen te bereiken. Of je nu ge\u00efnteresseerd bent in funk, jazz, klassieke muziek of gewoon meespelen met liedjes, wij kunnen je helpen je doelen effici\u00ebnt te bereiken.<\/p><p>Wij bieden individuele lessen voor alle niveaus en muziekgenres.<\/p><p>Naast onze individuele lessen bieden wij ook bandworkshops aan voor volwassenen waarbij alle leerlingen, beginnend op gevorderd beginnersniveau, welkom zijn om mee te doen en alles te leren over spelen, repeteren en natuurlijk optreden met een band!<\/p>\t\t\t\t\t\t\t\t<\/div>\n\t\t\t\t<\/div>\n\t\t\t\t<div class=\"elementor-element elementor-element-c5461cf elementor-mobile-align-center elementor-widget elementor-widget-button\" data-id=\"c5461cf\" data-element_type=\"widget\" data-e-type=\"widget\" data-widget_type=\"button.default\">\n\t\t\t\t<div class=\"elementor-widget-container\">\n\t\t\t\t\t\t\t\t\t<div class=\"elementor-button-wrapper\">\n\t\t\t\t\t<a class=\"elementor-button elementor-button-link elementor-size-sm\" href=\"https:\/\/muziekacademieamsterdam.com\/nl\/band-workshop\/\">\n\t\t\t\t\t\t<span class=\"elementor-button-content-wrapper\">\n\t\t\t\t\t\t<span class=\"elementor-button-icon\">\n\t\t\t\t<i aria-hidden=\"true\" class=\"fas fa-caret-right\"><\/i>\t\t\t<\/span>\n\t\t\t\t\t\t\t\t\t<span class=\"elementor-button-text\">Band workshop<\/span>\n\t\t\t\t\t<\/span>\n\t\t\t\t\t<\/a>\n\t\t\t\t<\/div>\n\t\t\t\t\t\t\t\t<\/div>\n\t\t\t\t<\/div>\n\t\t\t\t<div class=\"elementor-element elementor-element-630b847 elementor-mobile-align-center elementor-widget elementor-widget-button\" data-id=\"630b847\" data-element_type=\"widget\" data-e-type=\"widget\" data-widget_type=\"button.default\">\n\t\t\t\t<div class=\"elementor-widget-container\">\n\t\t\t\t\t\t\t\t\t<div class=\"elementor-button-wrapper\">\n\t\t\t\t\t<a class=\"elementor-button elementor-button-link elementor-size-sm\" href=\"https:\/\/muziekacademieamsterdam.com\/nl\/trial-lesson\/\">\n\t\t\t\t\t\t<span class=\"elementor-button-content-wrapper\">\n\t\t\t\t\t\t<span class=\"elementor-button-icon\">\n\t\t\t\t<i aria-hidden=\"true\" class=\"fas fa-caret-right\"><\/i>\t\t\t<\/span>\n\t\t\t\t\t\t\t\t\t<span class=\"elementor-button-text\">Proefles<\/span>\n\t\t\t\t\t<\/span>\n\t\t\t\t\t<\/a>\n\t\t\t\t<\/div>\n\t\t\t\t\t\t\t\t<\/div>\n\t\t\t\t<\/div>\n\t\t\t\t\t<\/div>\n\t\t<\/div>\n\t\t\t\t<div class=\"elementor-column elementor-col-50 elementor-inner-column elementor-element elementor-element-cd6050d\" data-id=\"cd6050d\" data-element_type=\"column\" data-e-type=\"column\">\n\t\t\t<div class=\"elementor-widget-wrap elementor-element-populated\">\n\t\t\t\t\t\t<div class=\"elementor-element elementor-element-f893aaa elementor-widget elementor-widget-image\" data-id=\"f893aaa\" data-element_type=\"widget\" data-e-type=\"widget\" data-widget_type=\"image.default\">\n\t\t\t\t<div class=\"elementor-widget-container\">\n\t\t\t\t\t\t\t\t\t\t\t\t\t\t\t<img decoding=\"async\" width=\"403\" height=\"640\" src=\"https:\/\/muziekacademieamsterdam.com\/wp-content\/uploads\/2023\/10\/IMG_1155-403x640.jpeg\" class=\"attachment-large size-large wp-image-2179\" alt=\"bass lessons Amsterdam\" srcset=\"https:\/\/muziekacademieamsterdam.com\/wp-content\/uploads\/2023\/10\/IMG_1155.jpeg 403w, https:\/\/muziekacademieamsterdam.com\/wp-content\/uploads\/2023\/10\/IMG_1155-189x300.jpeg 189w, https:\/\/muziekacademieamsterdam.com\/wp-content\/uploads\/2023\/10\/IMG_1155-94x150.jpeg 94w, https:\/\/muziekacademieamsterdam.com\/wp-content\/uploads\/2023\/10\/IMG_1155-8x12.jpeg 8w\" sizes=\"(max-width: 403px) 100vw, 403px\" \/>\t\t\t\t\t\t\t\t\t\t\t\t\t\t\t<\/div>\n\t\t\t\t<\/div>\n\t\t\t\t\t<\/div>\n\t\t<\/div>\n\t\t\t\t\t<\/div>\n\t\t<\/section>\n\t\t\t\t\t<\/div>\n\t\t<\/div>\n\t\t\t\t\t<\/div>\n\t\t<\/section>\n\t\t\t\t<\/div>","protected":false},"excerpt":{"rendered":"<p>Bass lessons Children and teenagers Adults Apply for a trial lesson! Apply now Children and teenagers At Muziekacademie Amsterdam we [&hellip;]<\/p>\n","protected":false},"author":1,"featured_media":0,"parent":2044,"menu_order":0,"comment_status":"closed","ping_status":"closed","template":"","meta":{"site-sidebar-layout":"default","site-content-layout":"","ast-site-content-layout":"default","site-content-style":"default","site-sidebar-style":"default","ast-global-header-display":"","ast-banner-title-visibility":"","ast-main-header-display":"","ast-hfb-above-header-display":"","ast-hfb-below-header-display":"","ast-hfb-mobile-header-display":"","site-post-title":"","ast-breadcrumbs-content":"","ast-featured-img":"","footer-sml-layout":"","ast-disable-related-posts":"","theme-transparent-header-meta":"","adv-header-id-meta":"","stick-header-meta":"","header-above-stick-meta":"","header-main-stick-meta":"","header-below-stick-meta":"","astra-migrate-meta-layouts":"default","ast-page-background-enabled":"default","ast-page-background-meta":{"desktop":{"background-color":"var(--ast-global-color-5)","background-image":"","background-repeat":"repeat","background-position":"center center","background-size":"auto","background-attachment":"scroll","background-type":"","background-media":"","overlay-type":"","overlay-color":"","overlay-opacity":"","overlay-gradient":""},"tablet":{"background-color":"","background-image":"","background-repeat":"repeat","background-position":"center center","background-size":"auto","background-attachment":"scroll","background-type":"","background-media":"","overlay-type":"","overlay-color":"","overlay-opacity":"","overlay-gradient":""},"mobile":{"background-color":"","background-image":"","background-repeat":"repeat","background-position":"center center","background-size":"auto","background-attachment":"scroll","background-type":"","background-media":"","overlay-type":"","overlay-color":"","overlay-opacity":"","overlay-gradient":""}},"ast-content-background-meta":{"desktop":{"background-color":"var(--ast-global-color-4)","background-image":"","background-repeat":"repeat","background-position":"center center","background-size":"auto","background-attachment":"scroll","background-type":"","background-media":"","overlay-type":"","overlay-color":"","overlay-opacity":"","overlay-gradient":""},"tablet":{"background-color":"var(--ast-global-color-4)","background-image":"","background-repeat":"repeat","background-position":"center center","background-size":"auto","background-attachment":"scroll","background-type":"","background-media":"","overlay-type":"","overlay-color":"","overlay-opacity":"","overlay-gradient":""},"mobile":{"background-color":"var(--ast-global-color-4)","background-image":"","background-repeat":"repeat","background-position":"center center","background-size":"auto","background-attachment":"scroll","background-type":"","background-media":"","overlay-type":"","overlay-color":"","overlay-opacity":"","overlay-gradient":""}},"footnotes":""},"class_list":["post-1131","page","type-page","status-publish","hentry"],"_links":{"self":[{"href":"https:\/\/muziekacademieamsterdam.com\/nl\/wp-json\/wp\/v2\/pages\/1131","targetHints":{"allow":["GET"]}}],"collection":[{"href":"https:\/\/muziekacademieamsterdam.com\/nl\/wp-json\/wp\/v2\/pages"}],"about":[{"href":"https:\/\/muziekacademieamsterdam.com\/nl\/wp-json\/wp\/v2\/types\/page"}],"author":[{"embeddable":true,"href":"https:\/\/muziekacademieamsterdam.com\/nl\/wp-json\/wp\/v2\/users\/1"}],"replies":[{"embeddable":true,"href":"https:\/\/muziekacademieamsterdam.com\/nl\/wp-json\/wp\/v2\/comments?post=1131"}],"version-history":[{"count":3,"href":"https:\/\/muziekacademieamsterdam.com\/nl\/wp-json\/wp\/v2\/pages\/1131\/revisions"}],"predecessor-version":[{"id":3125,"href":"https:\/\/muziekacademieamsterdam.com\/nl\/wp-json\/wp\/v2\/pages\/1131\/revisions\/3125"}],"up":[{"embeddable":true,"href":"https:\/\/muziekacademieamsterdam.com\/nl\/wp-json\/wp\/v2\/pages\/2044"}],"wp:attachment":[{"href":"https:\/\/muziekacademieamsterdam.com\/nl\/wp-json\/wp\/v2\/media?parent=1131"}],"curies":[{"name":"wp","href":"https:\/\/api.w.org\/{rel}","templated":true}]}}