{"id":1353,"date":"2023-10-23T15:09:14","date_gmt":"2023-10-23T13:09:14","guid":{"rendered":"https:\/\/muziekacademieamsterdam.com\/?page_id=1353"},"modified":"2025-07-10T21:49:28","modified_gmt":"2025-07-10T20:49:28","slug":"guitar-lessons","status":"publish","type":"page","link":"https:\/\/muziekacademieamsterdam.com\/nl\/lessons\/guitar-lessons\/","title":{"rendered":"Gitaarlessen"},"content":{"rendered":"<div data-elementor-type=\"wp-post\" data-elementor-id=\"1353\" class=\"elementor elementor-1353\">\n\t\t\t\t\t\t<section class=\"elementor-section elementor-top-section elementor-element elementor-element-ff57893 elementor-section-full_width elementor-section-stretched elementor-section-height-default elementor-section-height-default\" data-id=\"ff57893\" data-element_type=\"section\" data-e-type=\"section\" data-settings=\"{&quot;stretch_section&quot;:&quot;section-stretched&quot;,&quot;background_background&quot;:&quot;classic&quot;}\">\n\t\t\t\t\t\t\t<div class=\"elementor-background-overlay\"><\/div>\n\t\t\t\t\t\t\t<div class=\"elementor-container elementor-column-gap-wider\">\n\t\t\t\t\t<div class=\"elementor-column elementor-col-100 elementor-top-column elementor-element elementor-element-d98004f\" data-id=\"d98004f\" data-element_type=\"column\" data-e-type=\"column\">\n\t\t\t<div class=\"elementor-widget-wrap\">\n\t\t\t\t\t\t\t<\/div>\n\t\t<\/div>\n\t\t\t\t\t<\/div>\n\t\t<\/section>\n\t\t\t\t<section class=\"elementor-section elementor-top-section elementor-element elementor-element-9feb2a5 elementor-section-stretched elementor-section-boxed elementor-section-height-default elementor-section-height-default\" data-id=\"9feb2a5\" data-element_type=\"section\" data-e-type=\"section\" data-settings=\"{&quot;stretch_section&quot;:&quot;section-stretched&quot;,&quot;background_background&quot;:&quot;classic&quot;}\">\n\t\t\t\t\t\t<div class=\"elementor-container elementor-column-gap-default\">\n\t\t\t\t\t<div class=\"elementor-column elementor-col-100 elementor-top-column elementor-element elementor-element-5820235\" data-id=\"5820235\" data-element_type=\"column\" data-e-type=\"column\" data-settings=\"{&quot;background_background&quot;:&quot;classic&quot;}\">\n\t\t\t<div class=\"elementor-widget-wrap elementor-element-populated\">\n\t\t\t\t\t\t<section class=\"elementor-section elementor-inner-section elementor-element elementor-element-30ac514 elementor-section-boxed elementor-section-height-default elementor-section-height-default\" data-id=\"30ac514\" data-element_type=\"section\" data-e-type=\"section\">\n\t\t\t\t\t\t<div class=\"elementor-container elementor-column-gap-default\">\n\t\t\t\t\t<div class=\"elementor-column elementor-col-25 elementor-inner-column elementor-element elementor-element-2821b20\" data-id=\"2821b20\" data-element_type=\"column\" data-e-type=\"column\">\n\t\t\t<div class=\"elementor-widget-wrap elementor-element-populated\">\n\t\t\t\t\t\t<div class=\"elementor-element elementor-element-39c785c elementor-widget elementor-widget-heading\" data-id=\"39c785c\" data-element_type=\"widget\" data-e-type=\"widget\" data-widget_type=\"heading.default\">\n\t\t\t\t<div class=\"elementor-widget-container\">\n\t\t\t\t\t<h1 class=\"elementor-heading-title elementor-size-default\">Gitaarlessen<\/h1>\t\t\t\t<\/div>\n\t\t\t\t<\/div>\n\t\t\t\t\t<\/div>\n\t\t<\/div>\n\t\t<a class=\"eael-wrapper-link-56f9ffd --eael-wrapper-link-tag\" href=\"#children\"><\/a>\t\t<div data-eael-wrapper-link=\"eael-wrapper-link-56f9ffd\" class=\"elementor-column elementor-col-25 elementor-inner-column elementor-element elementor-element-56f9ffd\" data-id=\"56f9ffd\" data-element_type=\"column\" data-e-type=\"column\">\n\t\t\t<div class=\"elementor-widget-wrap elementor-element-populated\">\n\t\t\t\t\t\t<div class=\"elementor-element elementor-element-aa0aa87 elementor-widget elementor-widget-heading\" data-id=\"aa0aa87\" data-element_type=\"widget\" data-e-type=\"widget\" data-widget_type=\"heading.default\">\n\t\t\t\t<div class=\"elementor-widget-container\">\n\t\t\t\t\t<h5 class=\"elementor-heading-title elementor-size-default\">Kinderen en tieners<\/h5>\t\t\t\t<\/div>\n\t\t\t\t<\/div>\n\t\t\t\t\t<\/div>\n\t\t<\/div>\n\t\t<a class=\"eael-wrapper-link-19b66cc --eael-wrapper-link-tag\" href=\"#adults\"><\/a>\t\t<div data-eael-wrapper-link=\"eael-wrapper-link-19b66cc\" class=\"elementor-column elementor-col-25 elementor-inner-column elementor-element elementor-element-19b66cc\" data-id=\"19b66cc\" data-element_type=\"column\" data-e-type=\"column\">\n\t\t\t<div class=\"elementor-widget-wrap elementor-element-populated\">\n\t\t\t\t<a class=\"eael-wrapper-link-6a3df64 --eael-wrapper-link-tag\" href=\"#adults\"><\/a>\t\t<div data-eael-wrapper-link=\"eael-wrapper-link-6a3df64\" class=\"elementor-element elementor-element-6a3df64 elementor-widget elementor-widget-heading\" data-id=\"6a3df64\" data-element_type=\"widget\" data-e-type=\"widget\" data-widget_type=\"heading.default\">\n\t\t\t\t<div class=\"elementor-widget-container\">\n\t\t\t\t\t<h5 class=\"elementor-heading-title elementor-size-default\">Volwassenen<\/h5>\t\t\t\t<\/div>\n\t\t\t\t<\/div>\n\t\t\t\t\t<\/div>\n\t\t<\/div>\n\t\t\t\t<div class=\"elementor-column elementor-col-25 elementor-inner-column elementor-element elementor-element-daf2a98\" data-id=\"daf2a98\" data-element_type=\"column\" data-e-type=\"column\">\n\t\t\t<div class=\"elementor-widget-wrap elementor-element-populated\">\n\t\t\t\t\t\t<div class=\"elementor-element elementor-element-040107d elementor-widget__width-initial elementor-widget elementor-widget-heading\" data-id=\"040107d\" data-element_type=\"widget\" data-e-type=\"widget\" data-widget_type=\"heading.default\">\n\t\t\t\t<div class=\"elementor-widget-container\">\n\t\t\t\t\t<h2 class=\"elementor-heading-title elementor-size-default\">Vraag een proefles aan!<\/h2>\t\t\t\t<\/div>\n\t\t\t\t<\/div>\n\t\t\t\t\t<\/div>\n\t\t<\/div>\n\t\t\t\t\t<\/div>\n\t\t<\/section>\n\t\t\t\t\t<\/div>\n\t\t<\/div>\n\t\t\t\t\t<\/div>\n\t\t<\/section>\n\t\t\t\t<section class=\"elementor-section elementor-top-section elementor-element elementor-element-0ebb57e elementor-section-stretched elementor-reverse-tablet elementor-reverse-mobile elementor-section-boxed elementor-section-height-default elementor-section-height-default\" data-id=\"0ebb57e\" data-element_type=\"section\" data-e-type=\"section\" data-settings=\"{&quot;stretch_section&quot;:&quot;section-stretched&quot;,&quot;background_background&quot;:&quot;classic&quot;}\">\n\t\t\t\t\t\t<div class=\"elementor-container elementor-column-gap-default\">\n\t\t\t\t\t<div class=\"elementor-column elementor-col-50 elementor-top-column elementor-element elementor-element-be0c826\" data-id=\"be0c826\" data-element_type=\"column\" data-e-type=\"column\">\n\t\t\t<div class=\"elementor-widget-wrap\">\n\t\t\t\t\t\t\t<\/div>\n\t\t<\/div>\n\t\t\t\t<div class=\"elementor-column elementor-col-50 elementor-top-column elementor-element elementor-element-dbed6ed\" data-id=\"dbed6ed\" data-element_type=\"column\" data-e-type=\"column\" data-settings=\"{&quot;background_background&quot;:&quot;classic&quot;}\">\n\t\t\t<div class=\"elementor-widget-wrap elementor-element-populated\">\n\t\t\t\t\t\t<div class=\"elementor-element elementor-element-46fbb10 elementor-mobile-align-left arrow-right elementor-tablet-align-justify elementor-widget elementor-widget-button\" data-id=\"46fbb10\" data-element_type=\"widget\" data-e-type=\"widget\" data-widget_type=\"button.default\">\n\t\t\t\t<div class=\"elementor-widget-container\">\n\t\t\t\t\t\t\t\t\t<div class=\"elementor-button-wrapper\">\n\t\t\t\t\t<a class=\"elementor-button elementor-button-link elementor-size-sm\" href=\"https:\/\/muziekacademieamsterdam.com\/nl\/trial-lesson\/\">\n\t\t\t\t\t\t<span class=\"elementor-button-content-wrapper\">\n\t\t\t\t\t\t<span class=\"elementor-button-icon\">\n\t\t\t\t<i aria-hidden=\"true\" class=\"fas fa-caret-right\"><\/i>\t\t\t<\/span>\n\t\t\t\t\t\t\t\t\t<span class=\"elementor-button-text\">Nu aanvragen<\/span>\n\t\t\t\t\t<\/span>\n\t\t\t\t\t<\/a>\n\t\t\t\t<\/div>\n\t\t\t\t\t\t\t\t<\/div>\n\t\t\t\t<\/div>\n\t\t\t\t\t<\/div>\n\t\t<\/div>\n\t\t\t\t\t<\/div>\n\t\t<\/section>\n\t\t\t\t<section class=\"elementor-section elementor-top-section elementor-element elementor-element-d0b4efe elementor-section-boxed elementor-section-height-default elementor-section-height-default\" data-id=\"d0b4efe\" data-element_type=\"section\" data-e-type=\"section\" id=\"children\">\n\t\t\t\t\t\t<div class=\"elementor-container elementor-column-gap-default\">\n\t\t\t\t\t<div class=\"elementor-column elementor-col-100 elementor-top-column elementor-element elementor-element-651609c\" data-id=\"651609c\" data-element_type=\"column\" data-e-type=\"column\">\n\t\t\t<div class=\"elementor-widget-wrap elementor-element-populated\">\n\t\t\t\t\t\t<section class=\"elementor-section elementor-inner-section elementor-element elementor-element-66e4d59 elementor-section-boxed elementor-section-height-default elementor-section-height-default\" data-id=\"66e4d59\" data-element_type=\"section\" data-e-type=\"section\">\n\t\t\t\t\t\t<div class=\"elementor-container elementor-column-gap-default\">\n\t\t\t\t\t<div class=\"elementor-column elementor-col-50 elementor-inner-column elementor-element elementor-element-3a97fa2\" data-id=\"3a97fa2\" data-element_type=\"column\" data-e-type=\"column\">\n\t\t\t<div class=\"elementor-widget-wrap elementor-element-populated\">\n\t\t\t\t\t\t<div class=\"elementor-element elementor-element-2b4f9fa elementor-widget elementor-widget-heading\" data-id=\"2b4f9fa\" data-element_type=\"widget\" data-e-type=\"widget\" data-widget_type=\"heading.default\">\n\t\t\t\t<div class=\"elementor-widget-container\">\n\t\t\t\t\t<h2 class=\"elementor-heading-title elementor-size-default\">Kinderen en tieners<\/h2>\t\t\t\t<\/div>\n\t\t\t\t<\/div>\n\t\t\t\t<div class=\"elementor-element elementor-element-72e0b99 elementor-widget elementor-widget-text-editor\" data-id=\"72e0b99\" data-element_type=\"widget\" data-e-type=\"widget\" data-widget_type=\"text-editor.default\">\n\t\t\t\t<div class=\"elementor-widget-container\">\n\t\t\t\t\t\t\t\t\t<p>Bij Muziekacademie Amsterdam bieden we gitaarlessen aan voor kinderen vanaf 6 jaar.<\/p><p>Onze gitaarlessen voor kinderen zijn speciaal ontworpen voor jonge, ambitieuze gitaristen. De lessen zijn boeiend en gericht op het ontwikkelen van een sterke technische basis, terwijl het leerproces plezierig en interactief wordt gemaakt.<\/p><p><strong>Hoofdzaken:<\/strong><\/p><ul><li style=\"font-weight: 400;\" aria-level=\"1\"><strong>Solide techniek<\/strong>: Onze toegewijde instructeurs begeleiden de student door de essentie van de gitaartechniek. Ze leren vanaf het begin de juiste handplaatsing en vingerco\u00f6rdinatie.<\/li><li style=\"font-weight: 400;\" aria-level=\"1\"><strong>Houding<\/strong>: Wij benadrukken het belang van een correcte en ontspannen houding om het comfort van de studenten te garanderen en de basis te leggen voor een leven lang moeiteloos gitaarspelen.<\/li><li style=\"font-weight: 400;\" aria-level=\"1\"><strong>Leren met plezier<\/strong>: Muziek leren moet leuk zijn! Door middel van interactieve spelletjes, creatieve oefeningen en boeiende activiteiten houden wij kinderen enthousiast over hun muzikale reis. Van muziekspelletjes tot thematische oefenuitdagingen, wij zorgen voor een vreugdevolle leerervaring.<\/li><li style=\"font-weight: 400;\" aria-level=\"1\"><strong>Muzikale basis<\/strong>: Terwijl ze zich vermaken, zullen de studenten ook essenti\u00eble muzikale vaardigheden aanscherpen, zoals toonontwikkeling en ritme. Ze leren een sterk gevoel voor timing, waarmee ze de basis leggen voor hun muzikale groei.<\/li><li style=\"font-weight: 400;\" aria-level=\"1\"><strong>Muziek lezen<\/strong>: Onze lessen leggen een sterke nadruk op het lezen en begrijpen van muziek. Kinderen zullen geleidelijk hun vaardigheid in het lezen van bladmuziek, tabs en leadsheets vergroten, waardoor ze een breed scala aan liedjes en genres kunnen ontdekken.<\/li><\/ul><p>In onze lessen voor kinderen en tieners leggen wij, naast al het bovenstaande, een sterke focus op de individuele doelen en muziekvoorkeuren van elke leerling. Deze aanpak zorgt ervoor dat studenten gemotiveerd blijven en nieuwe vaardigheden en technieken blijven leren terwijl ze hun favoriete nummers spelen.<\/p><p>Naast onze individuele lessen bieden wij ook bandworkshops aan voor kinderen vanaf 10 jaar waarbij alle leerlingen, vanaf een gevorderd beginnersniveau, welkom zijn om mee te doen en alles te leren over spelen, repeteren en natuurlijk optreden met een band!<\/p>\t\t\t\t\t\t\t\t<\/div>\n\t\t\t\t<\/div>\n\t\t\t\t<div class=\"elementor-element elementor-element-5f96e4f elementor-mobile-align-center elementor-widget elementor-widget-button\" data-id=\"5f96e4f\" data-element_type=\"widget\" data-e-type=\"widget\" data-widget_type=\"button.default\">\n\t\t\t\t<div class=\"elementor-widget-container\">\n\t\t\t\t\t\t\t\t\t<div class=\"elementor-button-wrapper\">\n\t\t\t\t\t<a class=\"elementor-button elementor-button-link elementor-size-sm\" href=\"https:\/\/muziekacademieamsterdam.com\/nl\/band-workshop\/\">\n\t\t\t\t\t\t<span class=\"elementor-button-content-wrapper\">\n\t\t\t\t\t\t<span class=\"elementor-button-icon\">\n\t\t\t\t<i aria-hidden=\"true\" class=\"fas fa-caret-right\"><\/i>\t\t\t<\/span>\n\t\t\t\t\t\t\t\t\t<span class=\"elementor-button-text\">Band workshop<\/span>\n\t\t\t\t\t<\/span>\n\t\t\t\t\t<\/a>\n\t\t\t\t<\/div>\n\t\t\t\t\t\t\t\t<\/div>\n\t\t\t\t<\/div>\n\t\t\t\t<div class=\"elementor-element elementor-element-be44f1f elementor-mobile-align-center elementor-widget elementor-widget-button\" data-id=\"be44f1f\" data-element_type=\"widget\" data-e-type=\"widget\" data-widget_type=\"button.default\">\n\t\t\t\t<div class=\"elementor-widget-container\">\n\t\t\t\t\t\t\t\t\t<div class=\"elementor-button-wrapper\">\n\t\t\t\t\t<a class=\"elementor-button elementor-button-link elementor-size-sm\" href=\"https:\/\/muziekacademieamsterdam.com\/nl\/trial-lesson\/\">\n\t\t\t\t\t\t<span class=\"elementor-button-content-wrapper\">\n\t\t\t\t\t\t<span class=\"elementor-button-icon\">\n\t\t\t\t<i aria-hidden=\"true\" class=\"fas fa-caret-right\"><\/i>\t\t\t<\/span>\n\t\t\t\t\t\t\t\t\t<span class=\"elementor-button-text\">Proefles<\/span>\n\t\t\t\t\t<\/span>\n\t\t\t\t\t<\/a>\n\t\t\t\t<\/div>\n\t\t\t\t\t\t\t\t<\/div>\n\t\t\t\t<\/div>\n\t\t\t\t\t<\/div>\n\t\t<\/div>\n\t\t\t\t<div class=\"elementor-column elementor-col-50 elementor-inner-column elementor-element elementor-element-40167ab\" data-id=\"40167ab\" data-element_type=\"column\" data-e-type=\"column\">\n\t\t\t<div class=\"elementor-widget-wrap elementor-element-populated\">\n\t\t\t\t\t\t<div class=\"elementor-element elementor-element-8c5a00c elementor-widget elementor-widget-image\" data-id=\"8c5a00c\" data-element_type=\"widget\" data-e-type=\"widget\" data-widget_type=\"image.default\">\n\t\t\t\t<div class=\"elementor-widget-container\">\n\t\t\t\t\t\t\t\t\t\t\t\t\t\t\t<img fetchpriority=\"high\" decoding=\"async\" width=\"1024\" height=\"683\" src=\"https:\/\/muziekacademieamsterdam.com\/wp-content\/uploads\/2023\/10\/L1006391-1024x683.jpg\" class=\"attachment-large size-large wp-image-875\" alt=\"Elektrische gitaar les Amsterdam\" srcset=\"https:\/\/muziekacademieamsterdam.com\/wp-content\/uploads\/2023\/10\/L1006391-1024x683.jpg 1024w, https:\/\/muziekacademieamsterdam.com\/wp-content\/uploads\/2023\/10\/L1006391-300x200.jpg 300w, https:\/\/muziekacademieamsterdam.com\/wp-content\/uploads\/2023\/10\/L1006391-1536x1024.jpg 1536w, https:\/\/muziekacademieamsterdam.com\/wp-content\/uploads\/2023\/10\/L1006391.jpg 1920w, https:\/\/muziekacademieamsterdam.com\/wp-content\/uploads\/2023\/10\/L1006391-150x100.jpg 150w, https:\/\/muziekacademieamsterdam.com\/wp-content\/uploads\/2023\/10\/L1006391-18x12.jpg 18w\" sizes=\"(max-width: 1024px) 100vw, 1024px\" \/>\t\t\t\t\t\t\t\t\t\t\t\t\t\t\t<\/div>\n\t\t\t\t<\/div>\n\t\t\t\t\t<\/div>\n\t\t<\/div>\n\t\t\t\t\t<\/div>\n\t\t<\/section>\n\t\t\t\t\t<\/div>\n\t\t<\/div>\n\t\t\t\t\t<\/div>\n\t\t<\/section>\n\t\t\t\t<section class=\"elementor-section elementor-top-section elementor-element elementor-element-8c5bff6 elementor-section-stretched elementor-section-boxed elementor-section-height-default elementor-section-height-default\" data-id=\"8c5bff6\" data-element_type=\"section\" data-e-type=\"section\" id=\"adults\" data-settings=\"{&quot;stretch_section&quot;:&quot;section-stretched&quot;,&quot;background_background&quot;:&quot;classic&quot;}\">\n\t\t\t\t\t\t<div class=\"elementor-container elementor-column-gap-default\">\n\t\t\t\t\t<div class=\"elementor-column elementor-col-100 elementor-top-column elementor-element elementor-element-f5cc21f\" data-id=\"f5cc21f\" data-element_type=\"column\" data-e-type=\"column\">\n\t\t\t<div class=\"elementor-widget-wrap elementor-element-populated\">\n\t\t\t\t\t\t<section class=\"elementor-section elementor-inner-section elementor-element elementor-element-e381410 elementor-section-boxed elementor-section-height-default elementor-section-height-default\" data-id=\"e381410\" data-element_type=\"section\" data-e-type=\"section\">\n\t\t\t\t\t\t<div class=\"elementor-container elementor-column-gap-default\">\n\t\t\t\t\t<div class=\"elementor-column elementor-col-50 elementor-inner-column elementor-element elementor-element-5d16faa\" data-id=\"5d16faa\" data-element_type=\"column\" data-e-type=\"column\">\n\t\t\t<div class=\"elementor-widget-wrap elementor-element-populated\">\n\t\t\t\t\t\t<div class=\"elementor-element elementor-element-ffaa850 elementor-widget elementor-widget-heading\" data-id=\"ffaa850\" data-element_type=\"widget\" data-e-type=\"widget\" data-widget_type=\"heading.default\">\n\t\t\t\t<div class=\"elementor-widget-container\">\n\t\t\t\t\t<h2 class=\"elementor-heading-title elementor-size-default\">Volwassenen<\/h2>\t\t\t\t<\/div>\n\t\t\t\t<\/div>\n\t\t\t\t<div class=\"elementor-element elementor-element-0f403a6 elementor-widget elementor-widget-text-editor\" data-id=\"0f403a6\" data-element_type=\"widget\" data-e-type=\"widget\" data-widget_type=\"text-editor.default\">\n\t\t\t\t<div class=\"elementor-widget-container\">\n\t\t\t\t\t\t\t\t\t<p>In onze \u00e9\u00e9n-op-\u00e9\u00e9n gitaarlessen voor volwassenen beginnen we met het begrijpen van de muzikale smaak en het vaardigheidsniveau van elke leerling. Onze ervaren docenten maken vervolgens een persoonlijk plan om de leerlingen stap voor stap te helpen hun doelen te bereiken. Of je nu ge\u00efnteresseerd bent in leadgitaar, klassieke gitaar, Fingerstyle of gewoon meespelen met liedjes, wij kunnen je helpen je doelen effici\u00ebnt te bereiken.<\/p>\n<p>Wij bieden individuele lessen voor alle niveaus en muziekgenres.<\/p>\n<p>Naast onze individuele lessen bieden wij ook bandworkshops aan voor volwassenen waarbij alle leerlingen, beginnend op gevorderd beginnersniveau, welkom zijn om mee te doen en alles te leren over spelen, repeteren en natuurlijk optreden met een band!<\/p>\t\t\t\t\t\t\t\t<\/div>\n\t\t\t\t<\/div>\n\t\t\t\t<div class=\"elementor-element elementor-element-28ef3cc elementor-mobile-align-center elementor-widget elementor-widget-button\" data-id=\"28ef3cc\" data-element_type=\"widget\" data-e-type=\"widget\" data-widget_type=\"button.default\">\n\t\t\t\t<div class=\"elementor-widget-container\">\n\t\t\t\t\t\t\t\t\t<div class=\"elementor-button-wrapper\">\n\t\t\t\t\t<a class=\"elementor-button elementor-button-link elementor-size-sm\" href=\"https:\/\/muziekacademieamsterdam.com\/nl\/band-workshop\/\">\n\t\t\t\t\t\t<span class=\"elementor-button-content-wrapper\">\n\t\t\t\t\t\t<span class=\"elementor-button-icon\">\n\t\t\t\t<i aria-hidden=\"true\" class=\"fas fa-caret-right\"><\/i>\t\t\t<\/span>\n\t\t\t\t\t\t\t\t\t<span class=\"elementor-button-text\">Band workshop<\/span>\n\t\t\t\t\t<\/span>\n\t\t\t\t\t<\/a>\n\t\t\t\t<\/div>\n\t\t\t\t\t\t\t\t<\/div>\n\t\t\t\t<\/div>\n\t\t\t\t<div class=\"elementor-element elementor-element-d526b76 elementor-mobile-align-center elementor-widget elementor-widget-button\" data-id=\"d526b76\" data-element_type=\"widget\" data-e-type=\"widget\" data-widget_type=\"button.default\">\n\t\t\t\t<div class=\"elementor-widget-container\">\n\t\t\t\t\t\t\t\t\t<div class=\"elementor-button-wrapper\">\n\t\t\t\t\t<a class=\"elementor-button elementor-button-link elementor-size-sm\" href=\"https:\/\/muziekacademieamsterdam.com\/nl\/trial-lesson\/\">\n\t\t\t\t\t\t<span class=\"elementor-button-content-wrapper\">\n\t\t\t\t\t\t<span class=\"elementor-button-icon\">\n\t\t\t\t<i aria-hidden=\"true\" class=\"fas fa-caret-right\"><\/i>\t\t\t<\/span>\n\t\t\t\t\t\t\t\t\t<span class=\"elementor-button-text\">Proefles<\/span>\n\t\t\t\t\t<\/span>\n\t\t\t\t\t<\/a>\n\t\t\t\t<\/div>\n\t\t\t\t\t\t\t\t<\/div>\n\t\t\t\t<\/div>\n\t\t\t\t\t<\/div>\n\t\t<\/div>\n\t\t\t\t<div class=\"elementor-column elementor-col-50 elementor-inner-column elementor-element elementor-element-6d49402\" data-id=\"6d49402\" data-element_type=\"column\" data-e-type=\"column\">\n\t\t\t<div class=\"elementor-widget-wrap elementor-element-populated\">\n\t\t\t\t\t\t<div class=\"elementor-element elementor-element-722b70e elementor-widget elementor-widget-image\" data-id=\"722b70e\" data-element_type=\"widget\" data-e-type=\"widget\" data-widget_type=\"image.default\">\n\t\t\t\t<div class=\"elementor-widget-container\">\n\t\t\t\t\t\t\t\t\t\t\t\t\t\t\t<img decoding=\"async\" width=\"683\" height=\"1024\" src=\"https:\/\/muziekacademieamsterdam.com\/wp-content\/uploads\/2023\/10\/L1007225-683x1024.jpg\" class=\"attachment-large size-large wp-image-825\" alt=\"gitaarles Amsterdam\" srcset=\"https:\/\/muziekacademieamsterdam.com\/wp-content\/uploads\/2023\/10\/L1007225-683x1024.jpg 683w, https:\/\/muziekacademieamsterdam.com\/wp-content\/uploads\/2023\/10\/L1007225-200x300.jpg 200w, https:\/\/muziekacademieamsterdam.com\/wp-content\/uploads\/2023\/10\/L1007225-67x100.jpg 67w, https:\/\/muziekacademieamsterdam.com\/wp-content\/uploads\/2023\/10\/L1007225-1024x1536.jpg 1024w, https:\/\/muziekacademieamsterdam.com\/wp-content\/uploads\/2023\/10\/L1007225.jpg 1280w, https:\/\/muziekacademieamsterdam.com\/wp-content\/uploads\/2023\/10\/L1007225-100x150.jpg 100w, https:\/\/muziekacademieamsterdam.com\/wp-content\/uploads\/2023\/10\/L1007225-8x12.jpg 8w\" sizes=\"(max-width: 683px) 100vw, 683px\" \/>\t\t\t\t\t\t\t\t\t\t\t\t\t\t\t<\/div>\n\t\t\t\t<\/div>\n\t\t\t\t\t<\/div>\n\t\t<\/div>\n\t\t\t\t\t<\/div>\n\t\t<\/section>\n\t\t\t\t\t<\/div>\n\t\t<\/div>\n\t\t\t\t\t<\/div>\n\t\t<\/section>\n\t\t\t\t<\/div>","protected":false},"excerpt":{"rendered":"<p>Guitar lessons Children and teenagers Adults Apply for a trial lesson! Apply now Children and teenagers At Muziekacademie Amsterdam we [&hellip;]<\/p>\n","protected":false},"author":1,"featured_media":0,"parent":2044,"menu_order":0,"comment_status":"closed","ping_status":"closed","template":"","meta":{"site-sidebar-layout":"default","site-content-layout":"","ast-site-content-layout":"default","site-content-style":"default","site-sidebar-style":"default","ast-global-header-display":"","ast-banner-title-visibility":"","ast-main-header-display":"","ast-hfb-above-header-display":"","ast-hfb-below-header-display":"","ast-hfb-mobile-header-display":"","site-post-title":"","ast-breadcrumbs-content":"","ast-featured-img":"","footer-sml-layout":"","ast-disable-related-posts":"","theme-transparent-header-meta":"","adv-header-id-meta":"","stick-header-meta":"","header-above-stick-meta":"","header-main-stick-meta":"","header-below-stick-meta":"","astra-migrate-meta-layouts":"default","ast-page-background-enabled":"default","ast-page-background-meta":{"desktop":{"background-color":"var(--ast-global-color-5)","background-image":"","background-repeat":"repeat","background-position":"center center","background-size":"auto","background-attachment":"scroll","background-type":"","background-media":"","overlay-type":"","overlay-color":"","overlay-opacity":"","overlay-gradient":""},"tablet":{"background-color":"","background-image":"","background-repeat":"repeat","background-position":"center center","background-size":"auto","background-attachment":"scroll","background-type":"","background-media":"","overlay-type":"","overlay-color":"","overlay-opacity":"","overlay-gradient":""},"mobile":{"background-color":"","background-image":"","background-repeat":"repeat","background-position":"center center","background-size":"auto","background-attachment":"scroll","background-type":"","background-media":"","overlay-type":"","overlay-color":"","overlay-opacity":"","overlay-gradient":""}},"ast-content-background-meta":{"desktop":{"background-color":"var(--ast-global-color-4)","background-image":"","background-repeat":"repeat","background-position":"center center","background-size":"auto","background-attachment":"scroll","background-type":"","background-media":"","overlay-type":"","overlay-color":"","overlay-opacity":"","overlay-gradient":""},"tablet":{"background-color":"var(--ast-global-color-4)","background-image":"","background-repeat":"repeat","background-position":"center center","background-size":"auto","background-attachment":"scroll","background-type":"","background-media":"","overlay-type":"","overlay-color":"","overlay-opacity":"","overlay-gradient":""},"mobile":{"background-color":"var(--ast-global-color-4)","background-image":"","background-repeat":"repeat","background-position":"center center","background-size":"auto","background-attachment":"scroll","background-type":"","background-media":"","overlay-type":"","overlay-color":"","overlay-opacity":"","overlay-gradient":""}},"footnotes":""},"class_list":["post-1353","page","type-page","status-publish","hentry"],"_links":{"self":[{"href":"https:\/\/muziekacademieamsterdam.com\/nl\/wp-json\/wp\/v2\/pages\/1353","targetHints":{"allow":["GET"]}}],"collection":[{"href":"https:\/\/muziekacademieamsterdam.com\/nl\/wp-json\/wp\/v2\/pages"}],"about":[{"href":"https:\/\/muziekacademieamsterdam.com\/nl\/wp-json\/wp\/v2\/types\/page"}],"author":[{"embeddable":true,"href":"https:\/\/muziekacademieamsterdam.com\/nl\/wp-json\/wp\/v2\/users\/1"}],"replies":[{"embeddable":true,"href":"https:\/\/muziekacademieamsterdam.com\/nl\/wp-json\/wp\/v2\/comments?post=1353"}],"version-history":[{"count":3,"href":"https:\/\/muziekacademieamsterdam.com\/nl\/wp-json\/wp\/v2\/pages\/1353\/revisions"}],"predecessor-version":[{"id":3134,"href":"https:\/\/muziekacademieamsterdam.com\/nl\/wp-json\/wp\/v2\/pages\/1353\/revisions\/3134"}],"up":[{"embeddable":true,"href":"https:\/\/muziekacademieamsterdam.com\/nl\/wp-json\/wp\/v2\/pages\/2044"}],"wp:attachment":[{"href":"https:\/\/muziekacademieamsterdam.com\/nl\/wp-json\/wp\/v2\/media?parent=1353"}],"curies":[{"name":"wp","href":"https:\/\/api.w.org\/{rel}","templated":true}]}}