{"id":1361,"date":"2023-10-23T15:14:55","date_gmt":"2023-10-23T13:14:55","guid":{"rendered":"https:\/\/muziekacademieamsterdam.com\/?page_id=1361"},"modified":"2025-07-10T21:49:39","modified_gmt":"2025-07-10T20:49:39","slug":"piano-lessons","status":"publish","type":"page","link":"https:\/\/muziekacademieamsterdam.com\/nl\/lessons\/piano-lessons\/","title":{"rendered":"Pianoles"},"content":{"rendered":"<div data-elementor-type=\"wp-post\" data-elementor-id=\"1361\" class=\"elementor elementor-1361\">\n\t\t\t\t\t\t<section class=\"elementor-section elementor-top-section elementor-element elementor-element-ff57893 elementor-section-full_width elementor-section-stretched elementor-section-height-default elementor-section-height-default\" data-id=\"ff57893\" data-element_type=\"section\" data-e-type=\"section\" data-settings=\"{&quot;stretch_section&quot;:&quot;section-stretched&quot;,&quot;background_background&quot;:&quot;classic&quot;}\">\n\t\t\t\t\t\t\t<div class=\"elementor-background-overlay\"><\/div>\n\t\t\t\t\t\t\t<div class=\"elementor-container elementor-column-gap-wider\">\n\t\t\t\t\t<div class=\"elementor-column elementor-col-100 elementor-top-column elementor-element elementor-element-d98004f\" data-id=\"d98004f\" data-element_type=\"column\" data-e-type=\"column\">\n\t\t\t<div class=\"elementor-widget-wrap\">\n\t\t\t\t\t\t\t<\/div>\n\t\t<\/div>\n\t\t\t\t\t<\/div>\n\t\t<\/section>\n\t\t\t\t<section class=\"elementor-section elementor-top-section elementor-element elementor-element-f923ed3 elementor-section-stretched elementor-section-boxed elementor-section-height-default elementor-section-height-default\" data-id=\"f923ed3\" data-element_type=\"section\" data-e-type=\"section\" data-settings=\"{&quot;stretch_section&quot;:&quot;section-stretched&quot;,&quot;background_background&quot;:&quot;classic&quot;}\">\n\t\t\t\t\t\t<div class=\"elementor-container elementor-column-gap-default\">\n\t\t\t\t\t<div class=\"elementor-column elementor-col-100 elementor-top-column elementor-element elementor-element-92a0a50\" data-id=\"92a0a50\" data-element_type=\"column\" data-e-type=\"column\" data-settings=\"{&quot;background_background&quot;:&quot;classic&quot;}\">\n\t\t\t<div class=\"elementor-widget-wrap elementor-element-populated\">\n\t\t\t\t\t\t<section class=\"elementor-section elementor-inner-section elementor-element elementor-element-31d7e0b elementor-section-boxed elementor-section-height-default elementor-section-height-default\" data-id=\"31d7e0b\" data-element_type=\"section\" data-e-type=\"section\">\n\t\t\t\t\t\t<div class=\"elementor-container elementor-column-gap-default\">\n\t\t\t\t\t<div class=\"elementor-column elementor-col-25 elementor-inner-column elementor-element elementor-element-2055690\" data-id=\"2055690\" data-element_type=\"column\" data-e-type=\"column\">\n\t\t\t<div class=\"elementor-widget-wrap elementor-element-populated\">\n\t\t\t\t\t\t<div class=\"elementor-element elementor-element-7a9b92d elementor-widget elementor-widget-heading\" data-id=\"7a9b92d\" data-element_type=\"widget\" data-e-type=\"widget\" data-widget_type=\"heading.default\">\n\t\t\t\t<div class=\"elementor-widget-container\">\n\t\t\t\t\t<h1 class=\"elementor-heading-title elementor-size-default\">Pianoles<\/h1>\t\t\t\t<\/div>\n\t\t\t\t<\/div>\n\t\t\t\t\t<\/div>\n\t\t<\/div>\n\t\t<a class=\"eael-wrapper-link-420e603 --eael-wrapper-link-tag\" href=\"#children\"><\/a>\t\t<div data-eael-wrapper-link=\"eael-wrapper-link-420e603\" class=\"elementor-column elementor-col-25 elementor-inner-column elementor-element elementor-element-420e603\" data-id=\"420e603\" data-element_type=\"column\" data-e-type=\"column\">\n\t\t\t<div class=\"elementor-widget-wrap elementor-element-populated\">\n\t\t\t\t\t\t<div class=\"elementor-element elementor-element-4747a8f elementor-widget elementor-widget-heading\" data-id=\"4747a8f\" data-element_type=\"widget\" data-e-type=\"widget\" data-widget_type=\"heading.default\">\n\t\t\t\t<div class=\"elementor-widget-container\">\n\t\t\t\t\t<h5 class=\"elementor-heading-title elementor-size-default\">Kinderen en tieners<\/h5>\t\t\t\t<\/div>\n\t\t\t\t<\/div>\n\t\t\t\t\t<\/div>\n\t\t<\/div>\n\t\t<a class=\"eael-wrapper-link-b831517 --eael-wrapper-link-tag\" href=\"#adults\"><\/a>\t\t<div data-eael-wrapper-link=\"eael-wrapper-link-b831517\" class=\"elementor-column elementor-col-25 elementor-inner-column elementor-element elementor-element-b831517\" data-id=\"b831517\" data-element_type=\"column\" data-e-type=\"column\">\n\t\t\t<div class=\"elementor-widget-wrap elementor-element-populated\">\n\t\t\t\t<a class=\"eael-wrapper-link-4249b57 --eael-wrapper-link-tag\" href=\"#adults\"><\/a>\t\t<div data-eael-wrapper-link=\"eael-wrapper-link-4249b57\" class=\"elementor-element elementor-element-4249b57 elementor-widget elementor-widget-heading\" data-id=\"4249b57\" data-element_type=\"widget\" data-e-type=\"widget\" data-widget_type=\"heading.default\">\n\t\t\t\t<div class=\"elementor-widget-container\">\n\t\t\t\t\t<h5 class=\"elementor-heading-title elementor-size-default\">Volwassenen<\/h5>\t\t\t\t<\/div>\n\t\t\t\t<\/div>\n\t\t\t\t\t<\/div>\n\t\t<\/div>\n\t\t\t\t<div class=\"elementor-column elementor-col-25 elementor-inner-column elementor-element elementor-element-84008cf\" data-id=\"84008cf\" data-element_type=\"column\" data-e-type=\"column\">\n\t\t\t<div class=\"elementor-widget-wrap elementor-element-populated\">\n\t\t\t\t\t\t<div class=\"elementor-element elementor-element-71108d6 elementor-widget__width-initial elementor-widget elementor-widget-heading\" data-id=\"71108d6\" data-element_type=\"widget\" data-e-type=\"widget\" data-widget_type=\"heading.default\">\n\t\t\t\t<div class=\"elementor-widget-container\">\n\t\t\t\t\t<h2 class=\"elementor-heading-title elementor-size-default\">Vraag een proefles aan!<\/h2>\t\t\t\t<\/div>\n\t\t\t\t<\/div>\n\t\t\t\t\t<\/div>\n\t\t<\/div>\n\t\t\t\t\t<\/div>\n\t\t<\/section>\n\t\t\t\t\t<\/div>\n\t\t<\/div>\n\t\t\t\t\t<\/div>\n\t\t<\/section>\n\t\t\t\t<section class=\"elementor-section elementor-top-section elementor-element elementor-element-e599b7d elementor-section-stretched elementor-reverse-tablet elementor-reverse-mobile elementor-section-boxed elementor-section-height-default elementor-section-height-default\" data-id=\"e599b7d\" data-element_type=\"section\" data-e-type=\"section\" data-settings=\"{&quot;stretch_section&quot;:&quot;section-stretched&quot;,&quot;background_background&quot;:&quot;classic&quot;}\">\n\t\t\t\t\t\t<div class=\"elementor-container elementor-column-gap-default\">\n\t\t\t\t\t<div class=\"elementor-column elementor-col-50 elementor-top-column elementor-element elementor-element-1b25090\" data-id=\"1b25090\" data-element_type=\"column\" data-e-type=\"column\">\n\t\t\t<div class=\"elementor-widget-wrap\">\n\t\t\t\t\t\t\t<\/div>\n\t\t<\/div>\n\t\t\t\t<div class=\"elementor-column elementor-col-50 elementor-top-column elementor-element elementor-element-31790d9\" data-id=\"31790d9\" data-element_type=\"column\" data-e-type=\"column\" data-settings=\"{&quot;background_background&quot;:&quot;classic&quot;}\">\n\t\t\t<div class=\"elementor-widget-wrap elementor-element-populated\">\n\t\t\t\t\t\t<div class=\"elementor-element elementor-element-ab26890 elementor-mobile-align-left arrow-right elementor-tablet-align-justify elementor-widget elementor-widget-button\" data-id=\"ab26890\" data-element_type=\"widget\" data-e-type=\"widget\" data-widget_type=\"button.default\">\n\t\t\t\t<div class=\"elementor-widget-container\">\n\t\t\t\t\t\t\t\t\t<div class=\"elementor-button-wrapper\">\n\t\t\t\t\t<a class=\"elementor-button elementor-button-link elementor-size-sm\" href=\"https:\/\/muziekacademieamsterdam.com\/nl\/trial-lesson\/\">\n\t\t\t\t\t\t<span class=\"elementor-button-content-wrapper\">\n\t\t\t\t\t\t<span class=\"elementor-button-icon\">\n\t\t\t\t<i aria-hidden=\"true\" class=\"fas fa-caret-right\"><\/i>\t\t\t<\/span>\n\t\t\t\t\t\t\t\t\t<span class=\"elementor-button-text\">Nu aanvragen<\/span>\n\t\t\t\t\t<\/span>\n\t\t\t\t\t<\/a>\n\t\t\t\t<\/div>\n\t\t\t\t\t\t\t\t<\/div>\n\t\t\t\t<\/div>\n\t\t\t\t\t<\/div>\n\t\t<\/div>\n\t\t\t\t\t<\/div>\n\t\t<\/section>\n\t\t\t\t<section class=\"elementor-section elementor-top-section elementor-element elementor-element-025581e elementor-section-boxed elementor-section-height-default elementor-section-height-default\" data-id=\"025581e\" data-element_type=\"section\" data-e-type=\"section\">\n\t\t\t\t\t\t<div class=\"elementor-container elementor-column-gap-default\">\n\t\t\t\t\t<div class=\"elementor-column elementor-col-100 elementor-top-column elementor-element elementor-element-c2437f5\" data-id=\"c2437f5\" data-element_type=\"column\" data-e-type=\"column\">\n\t\t\t<div class=\"elementor-widget-wrap elementor-element-populated\">\n\t\t\t\t\t\t<section class=\"elementor-section elementor-inner-section elementor-element elementor-element-a884cad elementor-section-boxed elementor-section-height-default elementor-section-height-default\" data-id=\"a884cad\" data-element_type=\"section\" data-e-type=\"section\">\n\t\t\t\t\t\t<div class=\"elementor-container elementor-column-gap-default\">\n\t\t\t\t\t<div class=\"elementor-column elementor-col-50 elementor-inner-column elementor-element elementor-element-0047d6d\" data-id=\"0047d6d\" data-element_type=\"column\" data-e-type=\"column\">\n\t\t\t<div class=\"elementor-widget-wrap elementor-element-populated\">\n\t\t\t\t\t\t<div class=\"elementor-element elementor-element-624d299 elementor-widget elementor-widget-heading\" data-id=\"624d299\" data-element_type=\"widget\" data-e-type=\"widget\" data-widget_type=\"heading.default\">\n\t\t\t\t<div class=\"elementor-widget-container\">\n\t\t\t\t\t<h2 class=\"elementor-heading-title elementor-size-default\">Kinderen en tieners<\/h2>\t\t\t\t<\/div>\n\t\t\t\t<\/div>\n\t\t\t\t<div class=\"elementor-element elementor-element-9d6f4bf elementor-widget elementor-widget-text-editor\" data-id=\"9d6f4bf\" data-element_type=\"widget\" data-e-type=\"widget\" data-widget_type=\"text-editor.default\">\n\t\t\t\t<div class=\"elementor-widget-container\">\n\t\t\t\t\t\t\t\t\t<p>Bij Muziekacademie Amsterdam bieden wij pianolessen aan voor kinderen vanaf 4 jaar.&nbsp;<\/p>\n<p>Onze pianolessen voor kinderen zijn speciaal ontworpen voor jonge, ambitieuze pianisten. De lessen zijn boeiend en gericht op het ontwikkelen van een sterke technische basis, terwijl het leerproces plezierig en interactief wordt gemaakt.<\/p>\n<p><strong>Hoofdzaken:<\/strong><\/p>\n<ul>\n<li style=\"font-weight: 400;\" aria-level=\"1\"><strong>Solide techniek<\/strong>: Onze toegewijde instructeurs begeleiden de student door de essentie van pianotechniek. Ze leren vanaf het begin de juiste handplaatsing en vingerco\u00f6rdinatie.<\/li>\n<li style=\"font-weight: 400;\" aria-level=\"1\"><strong>Houding<\/strong>: Wij benadrukken het belang van een correcte en ontspannen houding om het comfort van de leerlingen te garanderen en de basis te leggen voor een leven lang moeiteloos pianospelen.<\/li>\n<li style=\"font-weight: 400;\" aria-level=\"1\"><strong>Leren met plezier<\/strong>: Muziek leren moet leuk zijn! Door middel van interactieve spelletjes, creatieve oefeningen en boeiende activiteiten houden wij kinderen enthousiast over hun muzikale reis. Van muziekspelletjes tot thematische oefenuitdagingen, wij zorgen voor een vreugdevolle leerervaring.<\/li>\n<li style=\"font-weight: 400;\" aria-level=\"1\"><strong>Muzikale basis<\/strong>: Terwijl ze zich vermaken, zullen de studenten ook essenti\u00eble muzikale vaardigheden aanscherpen, zoals toonontwikkeling en ritme. Ze leren een sterk gevoel voor timing, waarmee ze de basis leggen voor hun muzikale groei.<\/li>\n<li style=\"font-weight: 400;\" aria-level=\"1\"><strong>Muziek lezen<\/strong>: Onze lessen leggen een sterke nadruk op het lezen en begrijpen van muziek. Kinderen zullen geleidelijk hun vaardigheid in het lezen van bladmuziek en akkoordbladen vergroten, waardoor ze een breed scala aan liedjes en genres kunnen ontdekken.<\/li>\n<\/ul>\n<p>In onze lessen voor kinderen en tieners leggen wij, naast al het bovenstaande, een sterke focus op de individuele doelen en muziekvoorkeuren van elke leerling. Deze aanpak zorgt ervoor dat studenten gemotiveerd blijven en nieuwe vaardigheden en technieken blijven leren terwijl ze hun favoriete nummers spelen.<\/p>\n<p>Naast onze individuele lessen bieden wij ook bandworkshops aan voor kinderen vanaf 10 jaar waarbij alle leerlingen, vanaf een gevorderd beginnersniveau, welkom zijn om mee te doen en alles te leren over spelen, repeteren en natuurlijk optreden met een band!<\/p>\t\t\t\t\t\t\t\t<\/div>\n\t\t\t\t<\/div>\n\t\t\t\t<div class=\"elementor-element elementor-element-3786679 elementor-mobile-align-center elementor-widget elementor-widget-button\" data-id=\"3786679\" data-element_type=\"widget\" data-e-type=\"widget\" data-widget_type=\"button.default\">\n\t\t\t\t<div class=\"elementor-widget-container\">\n\t\t\t\t\t\t\t\t\t<div class=\"elementor-button-wrapper\">\n\t\t\t\t\t<a class=\"elementor-button elementor-button-link elementor-size-sm\" href=\"https:\/\/muziekacademieamsterdam.com\/nl\/band-workshop\/\">\n\t\t\t\t\t\t<span class=\"elementor-button-content-wrapper\">\n\t\t\t\t\t\t<span class=\"elementor-button-icon\">\n\t\t\t\t<i aria-hidden=\"true\" class=\"fas fa-caret-right\"><\/i>\t\t\t<\/span>\n\t\t\t\t\t\t\t\t\t<span class=\"elementor-button-text\">Band workshop<\/span>\n\t\t\t\t\t<\/span>\n\t\t\t\t\t<\/a>\n\t\t\t\t<\/div>\n\t\t\t\t\t\t\t\t<\/div>\n\t\t\t\t<\/div>\n\t\t\t\t<div class=\"elementor-element elementor-element-74bb8fb elementor-mobile-align-center elementor-widget elementor-widget-button\" data-id=\"74bb8fb\" data-element_type=\"widget\" data-e-type=\"widget\" data-widget_type=\"button.default\">\n\t\t\t\t<div class=\"elementor-widget-container\">\n\t\t\t\t\t\t\t\t\t<div class=\"elementor-button-wrapper\">\n\t\t\t\t\t<a class=\"elementor-button elementor-button-link elementor-size-sm\" href=\"https:\/\/muziekacademieamsterdam.com\/nl\/trial-lesson\/\">\n\t\t\t\t\t\t<span class=\"elementor-button-content-wrapper\">\n\t\t\t\t\t\t<span class=\"elementor-button-icon\">\n\t\t\t\t<i aria-hidden=\"true\" class=\"fas fa-caret-right\"><\/i>\t\t\t<\/span>\n\t\t\t\t\t\t\t\t\t<span class=\"elementor-button-text\">Proefles<\/span>\n\t\t\t\t\t<\/span>\n\t\t\t\t\t<\/a>\n\t\t\t\t<\/div>\n\t\t\t\t\t\t\t\t<\/div>\n\t\t\t\t<\/div>\n\t\t\t\t\t<\/div>\n\t\t<\/div>\n\t\t\t\t<div class=\"elementor-column elementor-col-50 elementor-inner-column elementor-element elementor-element-d8591f3\" data-id=\"d8591f3\" data-element_type=\"column\" data-e-type=\"column\">\n\t\t\t<div class=\"elementor-widget-wrap elementor-element-populated\">\n\t\t\t\t\t\t<div class=\"elementor-element elementor-element-122882f elementor-widget elementor-widget-image\" data-id=\"122882f\" data-element_type=\"widget\" data-e-type=\"widget\" data-widget_type=\"image.default\">\n\t\t\t\t<div class=\"elementor-widget-container\">\n\t\t\t\t\t\t\t\t\t\t\t\t\t\t\t<img fetchpriority=\"high\" decoding=\"async\" width=\"683\" height=\"1024\" src=\"https:\/\/muziekacademieamsterdam.com\/wp-content\/uploads\/2023\/10\/L1006039-683x1024.jpg\" class=\"attachment-large size-large wp-image-922\" alt=\"kinder piano les Amsterdam\" srcset=\"https:\/\/muziekacademieamsterdam.com\/wp-content\/uploads\/2023\/10\/L1006039-683x1024.jpg 683w, https:\/\/muziekacademieamsterdam.com\/wp-content\/uploads\/2023\/10\/L1006039-200x300.jpg 200w, https:\/\/muziekacademieamsterdam.com\/wp-content\/uploads\/2023\/10\/L1006039-67x100.jpg 67w, https:\/\/muziekacademieamsterdam.com\/wp-content\/uploads\/2023\/10\/L1006039-1024x1536.jpg 1024w, https:\/\/muziekacademieamsterdam.com\/wp-content\/uploads\/2023\/10\/L1006039.jpg 1280w, https:\/\/muziekacademieamsterdam.com\/wp-content\/uploads\/2023\/10\/L1006039-100x150.jpg 100w, https:\/\/muziekacademieamsterdam.com\/wp-content\/uploads\/2023\/10\/L1006039-8x12.jpg 8w\" sizes=\"(max-width: 683px) 100vw, 683px\" \/>\t\t\t\t\t\t\t\t\t\t\t\t\t\t\t<\/div>\n\t\t\t\t<\/div>\n\t\t\t\t\t<\/div>\n\t\t<\/div>\n\t\t\t\t\t<\/div>\n\t\t<\/section>\n\t\t\t\t\t<\/div>\n\t\t<\/div>\n\t\t\t\t\t<\/div>\n\t\t<\/section>\n\t\t\t\t<section class=\"elementor-section elementor-top-section elementor-element elementor-element-71d0372 elementor-section-stretched elementor-section-boxed elementor-section-height-default elementor-section-height-default\" data-id=\"71d0372\" data-element_type=\"section\" data-e-type=\"section\" data-settings=\"{&quot;stretch_section&quot;:&quot;section-stretched&quot;,&quot;background_background&quot;:&quot;classic&quot;}\">\n\t\t\t\t\t\t<div class=\"elementor-container elementor-column-gap-default\">\n\t\t\t\t\t<div class=\"elementor-column elementor-col-100 elementor-top-column elementor-element elementor-element-04519e1\" data-id=\"04519e1\" data-element_type=\"column\" data-e-type=\"column\">\n\t\t\t<div class=\"elementor-widget-wrap elementor-element-populated\">\n\t\t\t\t\t\t<section class=\"elementor-section elementor-inner-section elementor-element elementor-element-fde318f elementor-section-boxed elementor-section-height-default elementor-section-height-default\" data-id=\"fde318f\" data-element_type=\"section\" data-e-type=\"section\">\n\t\t\t\t\t\t<div class=\"elementor-container elementor-column-gap-default\">\n\t\t\t\t\t<div class=\"elementor-column elementor-col-50 elementor-inner-column elementor-element elementor-element-7f87f70\" data-id=\"7f87f70\" data-element_type=\"column\" data-e-type=\"column\">\n\t\t\t<div class=\"elementor-widget-wrap elementor-element-populated\">\n\t\t\t\t\t\t<div class=\"elementor-element elementor-element-1206f12 elementor-widget elementor-widget-heading\" data-id=\"1206f12\" data-element_type=\"widget\" data-e-type=\"widget\" data-widget_type=\"heading.default\">\n\t\t\t\t<div class=\"elementor-widget-container\">\n\t\t\t\t\t<h2 class=\"elementor-heading-title elementor-size-default\">Volwassenen<\/h2>\t\t\t\t<\/div>\n\t\t\t\t<\/div>\n\t\t\t\t<div class=\"elementor-element elementor-element-6449461 elementor-widget elementor-widget-text-editor\" data-id=\"6449461\" data-element_type=\"widget\" data-e-type=\"widget\" data-widget_type=\"text-editor.default\">\n\t\t\t\t<div class=\"elementor-widget-container\">\n\t\t\t\t\t\t\t\t\t<p><span style=\"font-weight: 400;\">Bij onze \u00e9\u00e9n-op-\u00e9\u00e9n pianolessen voor volwassenen beginnen we met het begrijpen van de muzikale smaak en het vaardigheidsniveau van elke leerling. Onze ervaren docenten maken vervolgens een persoonlijk plan om de leerlingen stap voor stap te helpen hun doelen te bereiken. Of u nu ge\u00efnteresseerd bent in jazz, klassieke muziek of gewoon meespelen met liedjes, wij kunnen u helpen uw doelen effici\u00ebnt te bereiken.<\/span><\/p><p><span style=\"font-weight: 400;\">Wij bieden individuele lessen voor alle niveaus en muziekgenres.<\/span><\/p><p><span style=\"font-weight: 400;\">Naast onze individuele lessen bieden wij ook bandworkshops aan voor volwassenen waarbij alle leerlingen, beginnend op gevorderd beginnersniveau, welkom zijn om mee te doen en alles te leren over spelen, repeteren en natuurlijk optreden met een band!<\/span><\/p>\t\t\t\t\t\t\t\t<\/div>\n\t\t\t\t<\/div>\n\t\t\t\t<div class=\"elementor-element elementor-element-23f38ea elementor-mobile-align-center elementor-widget elementor-widget-button\" data-id=\"23f38ea\" data-element_type=\"widget\" data-e-type=\"widget\" data-widget_type=\"button.default\">\n\t\t\t\t<div class=\"elementor-widget-container\">\n\t\t\t\t\t\t\t\t\t<div class=\"elementor-button-wrapper\">\n\t\t\t\t\t<a class=\"elementor-button elementor-button-link elementor-size-sm\" href=\"https:\/\/muziekacademieamsterdam.com\/nl\/band-workshop\/\">\n\t\t\t\t\t\t<span class=\"elementor-button-content-wrapper\">\n\t\t\t\t\t\t<span class=\"elementor-button-icon\">\n\t\t\t\t<i aria-hidden=\"true\" class=\"fas fa-caret-right\"><\/i>\t\t\t<\/span>\n\t\t\t\t\t\t\t\t\t<span class=\"elementor-button-text\">Band workshop<\/span>\n\t\t\t\t\t<\/span>\n\t\t\t\t\t<\/a>\n\t\t\t\t<\/div>\n\t\t\t\t\t\t\t\t<\/div>\n\t\t\t\t<\/div>\n\t\t\t\t<div class=\"elementor-element elementor-element-9965f5b elementor-mobile-align-center elementor-widget elementor-widget-button\" data-id=\"9965f5b\" data-element_type=\"widget\" data-e-type=\"widget\" data-widget_type=\"button.default\">\n\t\t\t\t<div class=\"elementor-widget-container\">\n\t\t\t\t\t\t\t\t\t<div class=\"elementor-button-wrapper\">\n\t\t\t\t\t<a class=\"elementor-button elementor-button-link elementor-size-sm\" href=\"https:\/\/muziekacademieamsterdam.com\/nl\/trial-lesson\/\">\n\t\t\t\t\t\t<span class=\"elementor-button-content-wrapper\">\n\t\t\t\t\t\t<span class=\"elementor-button-icon\">\n\t\t\t\t<i aria-hidden=\"true\" class=\"fas fa-caret-right\"><\/i>\t\t\t<\/span>\n\t\t\t\t\t\t\t\t\t<span class=\"elementor-button-text\">Proefles<\/span>\n\t\t\t\t\t<\/span>\n\t\t\t\t\t<\/a>\n\t\t\t\t<\/div>\n\t\t\t\t\t\t\t\t<\/div>\n\t\t\t\t<\/div>\n\t\t\t\t\t<\/div>\n\t\t<\/div>\n\t\t\t\t<div class=\"elementor-column elementor-col-50 elementor-inner-column elementor-element elementor-element-96171a5\" data-id=\"96171a5\" data-element_type=\"column\" data-e-type=\"column\">\n\t\t\t<div class=\"elementor-widget-wrap elementor-element-populated\">\n\t\t\t\t\t\t<div class=\"elementor-element elementor-element-0f797e6 elementor-widget elementor-widget-image\" data-id=\"0f797e6\" data-element_type=\"widget\" data-e-type=\"widget\" data-widget_type=\"image.default\">\n\t\t\t\t<div class=\"elementor-widget-container\">\n\t\t\t\t\t\t\t\t\t\t\t\t\t\t\t<img decoding=\"async\" width=\"1024\" height=\"683\" src=\"https:\/\/muziekacademieamsterdam.com\/wp-content\/uploads\/2023\/10\/L1006190-1024x683.jpg\" class=\"attachment-large size-large wp-image-904\" alt=\"Muziekles Amsterdam\" srcset=\"https:\/\/muziekacademieamsterdam.com\/wp-content\/uploads\/2023\/10\/L1006190-1024x683.jpg 1024w, https:\/\/muziekacademieamsterdam.com\/wp-content\/uploads\/2023\/10\/L1006190-300x200.jpg 300w, https:\/\/muziekacademieamsterdam.com\/wp-content\/uploads\/2023\/10\/L1006190-100x67.jpg 100w, https:\/\/muziekacademieamsterdam.com\/wp-content\/uploads\/2023\/10\/L1006190-1536x1024.jpg 1536w, https:\/\/muziekacademieamsterdam.com\/wp-content\/uploads\/2023\/10\/L1006190.jpg 1920w, https:\/\/muziekacademieamsterdam.com\/wp-content\/uploads\/2023\/10\/L1006190-150x100.jpg 150w, https:\/\/muziekacademieamsterdam.com\/wp-content\/uploads\/2023\/10\/L1006190-18x12.jpg 18w\" sizes=\"(max-width: 1024px) 100vw, 1024px\" \/>\t\t\t\t\t\t\t\t\t\t\t\t\t\t\t<\/div>\n\t\t\t\t<\/div>\n\t\t\t\t\t<\/div>\n\t\t<\/div>\n\t\t\t\t\t<\/div>\n\t\t<\/section>\n\t\t\t\t\t<\/div>\n\t\t<\/div>\n\t\t\t\t\t<\/div>\n\t\t<\/section>\n\t\t\t\t<\/div>","protected":false},"excerpt":{"rendered":"<p>Piano lessons Children and teenagers Adults Apply for a trial lesson! Apply now Children and teenagers At Muziekacademie Amsterdam, we [&hellip;]<\/p>\n","protected":false},"author":1,"featured_media":0,"parent":2044,"menu_order":0,"comment_status":"closed","ping_status":"closed","template":"","meta":{"site-sidebar-layout":"default","site-content-layout":"","ast-site-content-layout":"default","site-content-style":"default","site-sidebar-style":"default","ast-global-header-display":"","ast-banner-title-visibility":"","ast-main-header-display":"","ast-hfb-above-header-display":"","ast-hfb-below-header-display":"","ast-hfb-mobile-header-display":"","site-post-title":"","ast-breadcrumbs-content":"","ast-featured-img":"","footer-sml-layout":"","ast-disable-related-posts":"","theme-transparent-header-meta":"","adv-header-id-meta":"","stick-header-meta":"","header-above-stick-meta":"","header-main-stick-meta":"","header-below-stick-meta":"","astra-migrate-meta-layouts":"default","ast-page-background-enabled":"default","ast-page-background-meta":{"desktop":{"background-color":"var(--ast-global-color-5)","background-image":"","background-repeat":"repeat","background-position":"center center","background-size":"auto","background-attachment":"scroll","background-type":"","background-media":"","overlay-type":"","overlay-color":"","overlay-opacity":"","overlay-gradient":""},"tablet":{"background-color":"","background-image":"","background-repeat":"repeat","background-position":"center center","background-size":"auto","background-attachment":"scroll","background-type":"","background-media":"","overlay-type":"","overlay-color":"","overlay-opacity":"","overlay-gradient":""},"mobile":{"background-color":"","background-image":"","background-repeat":"repeat","background-position":"center center","background-size":"auto","background-attachment":"scroll","background-type":"","background-media":"","overlay-type":"","overlay-color":"","overlay-opacity":"","overlay-gradient":""}},"ast-content-background-meta":{"desktop":{"background-color":"var(--ast-global-color-4)","background-image":"","background-repeat":"repeat","background-position":"center center","background-size":"auto","background-attachment":"scroll","background-type":"","background-media":"","overlay-type":"","overlay-color":"","overlay-opacity":"","overlay-gradient":""},"tablet":{"background-color":"var(--ast-global-color-4)","background-image":"","background-repeat":"repeat","background-position":"center center","background-size":"auto","background-attachment":"scroll","background-type":"","background-media":"","overlay-type":"","overlay-color":"","overlay-opacity":"","overlay-gradient":""},"mobile":{"background-color":"var(--ast-global-color-4)","background-image":"","background-repeat":"repeat","background-position":"center center","background-size":"auto","background-attachment":"scroll","background-type":"","background-media":"","overlay-type":"","overlay-color":"","overlay-opacity":"","overlay-gradient":""}},"footnotes":""},"class_list":["post-1361","page","type-page","status-publish","hentry"],"_links":{"self":[{"href":"https:\/\/muziekacademieamsterdam.com\/nl\/wp-json\/wp\/v2\/pages\/1361","targetHints":{"allow":["GET"]}}],"collection":[{"href":"https:\/\/muziekacademieamsterdam.com\/nl\/wp-json\/wp\/v2\/pages"}],"about":[{"href":"https:\/\/muziekacademieamsterdam.com\/nl\/wp-json\/wp\/v2\/types\/page"}],"author":[{"embeddable":true,"href":"https:\/\/muziekacademieamsterdam.com\/nl\/wp-json\/wp\/v2\/users\/1"}],"replies":[{"embeddable":true,"href":"https:\/\/muziekacademieamsterdam.com\/nl\/wp-json\/wp\/v2\/comments?post=1361"}],"version-history":[{"count":3,"href":"https:\/\/muziekacademieamsterdam.com\/nl\/wp-json\/wp\/v2\/pages\/1361\/revisions"}],"predecessor-version":[{"id":3137,"href":"https:\/\/muziekacademieamsterdam.com\/nl\/wp-json\/wp\/v2\/pages\/1361\/revisions\/3137"}],"up":[{"embeddable":true,"href":"https:\/\/muziekacademieamsterdam.com\/nl\/wp-json\/wp\/v2\/pages\/2044"}],"wp:attachment":[{"href":"https:\/\/muziekacademieamsterdam.com\/nl\/wp-json\/wp\/v2\/media?parent=1361"}],"curies":[{"name":"wp","href":"https:\/\/api.w.org\/{rel}","templated":true}]}}