{"id":3082,"date":"2025-07-10T19:35:55","date_gmt":"2025-07-10T18:35:55","guid":{"rendered":"https:\/\/muziekacademieamsterdam.com\/?page_id=3082"},"modified":"2025-07-10T19:35:55","modified_gmt":"2025-07-10T18:35:55","slug":"liubov-titarenko","status":"publish","type":"page","link":"https:\/\/muziekacademieamsterdam.com\/nl\/our-teachers\/liubov-titarenko\/","title":{"rendered":"Liubov Titarenko"},"content":{"rendered":"<div data-elementor-type=\"wp-page\" data-elementor-id=\"3082\" class=\"elementor elementor-3082\">\n\t\t\t\t\t\t<section class=\"elementor-section elementor-top-section elementor-element elementor-element-37a0f31 elementor-section-stretched elementor-section-boxed elementor-section-height-default elementor-section-height-default\" data-id=\"37a0f31\" data-element_type=\"section\" data-e-type=\"section\" data-settings=\"{&quot;stretch_section&quot;:&quot;section-stretched&quot;,&quot;background_background&quot;:&quot;classic&quot;}\">\n\t\t\t\t\t\t<div class=\"elementor-container elementor-column-gap-default\">\n\t\t\t\t\t<div class=\"elementor-column elementor-col-100 elementor-top-column elementor-element elementor-element-b353700\" data-id=\"b353700\" data-element_type=\"column\" data-e-type=\"column\" data-settings=\"{&quot;background_background&quot;:&quot;classic&quot;}\">\n\t\t\t<div class=\"elementor-widget-wrap elementor-element-populated\">\n\t\t\t\t\t\t<section class=\"elementor-section elementor-inner-section elementor-element elementor-element-79d8bdf elementor-section-boxed elementor-section-height-default elementor-section-height-default\" data-id=\"79d8bdf\" data-element_type=\"section\" data-e-type=\"section\">\n\t\t\t\t\t\t<div class=\"elementor-container elementor-column-gap-default\">\n\t\t\t\t\t<div class=\"elementor-column elementor-col-50 elementor-inner-column elementor-element elementor-element-a71b40d\" data-id=\"a71b40d\" data-element_type=\"column\" data-e-type=\"column\">\n\t\t\t<div class=\"elementor-widget-wrap elementor-element-populated\">\n\t\t\t\t\t\t<div class=\"elementor-element elementor-element-ad9774e elementor-widget elementor-widget-heading\" data-id=\"ad9774e\" data-element_type=\"widget\" data-e-type=\"widget\" data-widget_type=\"heading.default\">\n\t\t\t\t<div class=\"elementor-widget-container\">\n\t\t\t\t\t<h1 class=\"elementor-heading-title elementor-size-default\">Liubov Titarenko<\/h1>\t\t\t\t<\/div>\n\t\t\t\t<\/div>\n\t\t\t\t<div class=\"elementor-element elementor-element-8be6050 elementor-widget elementor-widget-heading\" data-id=\"8be6050\" data-element_type=\"widget\" data-e-type=\"widget\" data-widget_type=\"heading.default\">\n\t\t\t\t<div class=\"elementor-widget-container\">\n\t\t\t\t\t<h4 class=\"elementor-heading-title elementor-size-default\">Docent<\/h4>\t\t\t\t<\/div>\n\t\t\t\t<\/div>\n\t\t\t\t\t<\/div>\n\t\t<\/div>\n\t\t\t\t<div class=\"elementor-column elementor-col-50 elementor-inner-column elementor-element elementor-element-a115cf0\" data-id=\"a115cf0\" data-element_type=\"column\" data-e-type=\"column\">\n\t\t\t<div class=\"elementor-widget-wrap elementor-element-populated\">\n\t\t\t\t\t\t<div class=\"elementor-element elementor-element-1357e87 elementor-widget__width-initial elementor-widget elementor-widget-heading\" data-id=\"1357e87\" data-element_type=\"widget\" data-e-type=\"widget\" data-widget_type=\"heading.default\">\n\t\t\t\t<div class=\"elementor-widget-container\">\n\t\t\t\t\t<h2 class=\"elementor-heading-title elementor-size-default\">Vraag een proefles aan!<\/h2>\t\t\t\t<\/div>\n\t\t\t\t<\/div>\n\t\t\t\t\t<\/div>\n\t\t<\/div>\n\t\t\t\t\t<\/div>\n\t\t<\/section>\n\t\t\t\t\t<\/div>\n\t\t<\/div>\n\t\t\t\t\t<\/div>\n\t\t<\/section>\n\t\t\t\t<section class=\"elementor-section elementor-top-section elementor-element elementor-element-7c62b62 elementor-section-stretched elementor-reverse-tablet elementor-reverse-mobile elementor-section-boxed elementor-section-height-default elementor-section-height-default\" data-id=\"7c62b62\" data-element_type=\"section\" data-e-type=\"section\" data-settings=\"{&quot;stretch_section&quot;:&quot;section-stretched&quot;,&quot;background_background&quot;:&quot;classic&quot;}\">\n\t\t\t\t\t\t<div class=\"elementor-container elementor-column-gap-default\">\n\t\t\t\t\t<div class=\"elementor-column elementor-col-50 elementor-top-column elementor-element elementor-element-09f1ba1\" data-id=\"09f1ba1\" data-element_type=\"column\" data-e-type=\"column\">\n\t\t\t<div class=\"elementor-widget-wrap\">\n\t\t\t\t\t\t\t<\/div>\n\t\t<\/div>\n\t\t\t\t<div class=\"elementor-column elementor-col-50 elementor-top-column elementor-element elementor-element-84d05be\" data-id=\"84d05be\" data-element_type=\"column\" data-e-type=\"column\" data-settings=\"{&quot;background_background&quot;:&quot;classic&quot;}\">\n\t\t\t<div class=\"elementor-widget-wrap elementor-element-populated\">\n\t\t\t\t\t\t<div class=\"elementor-element elementor-element-d61752b elementor-mobile-align-left arrow-right elementor-tablet-align-justify elementor-widget elementor-widget-button\" data-id=\"d61752b\" data-element_type=\"widget\" data-e-type=\"widget\" data-widget_type=\"button.default\">\n\t\t\t\t<div class=\"elementor-widget-container\">\n\t\t\t\t\t\t\t\t\t<div class=\"elementor-button-wrapper\">\n\t\t\t\t\t<a class=\"elementor-button elementor-button-link elementor-size-sm\" href=\"https:\/\/muziekacademieamsterdam.com\/nl\/trial-lesson\/\">\n\t\t\t\t\t\t<span class=\"elementor-button-content-wrapper\">\n\t\t\t\t\t\t<span class=\"elementor-button-icon\">\n\t\t\t\t<i aria-hidden=\"true\" class=\"fas fa-caret-right\"><\/i>\t\t\t<\/span>\n\t\t\t\t\t\t\t\t\t<span class=\"elementor-button-text\">Nu aanvragen<\/span>\n\t\t\t\t\t<\/span>\n\t\t\t\t\t<\/a>\n\t\t\t\t<\/div>\n\t\t\t\t\t\t\t\t<\/div>\n\t\t\t\t<\/div>\n\t\t\t\t\t<\/div>\n\t\t<\/div>\n\t\t\t\t\t<\/div>\n\t\t<\/section>\n\t\t\t\t<section class=\"elementor-section elementor-top-section elementor-element elementor-element-d5f786b elementor-section-boxed elementor-section-height-default elementor-section-height-default\" data-id=\"d5f786b\" data-element_type=\"section\" data-e-type=\"section\">\n\t\t\t\t\t\t<div class=\"elementor-container elementor-column-gap-default\">\n\t\t\t\t\t<div class=\"elementor-column elementor-col-100 elementor-top-column elementor-element elementor-element-1c621a2\" data-id=\"1c621a2\" data-element_type=\"column\" data-e-type=\"column\">\n\t\t\t<div class=\"elementor-widget-wrap elementor-element-populated\">\n\t\t\t\t\t\t<section class=\"elementor-section elementor-inner-section elementor-element elementor-element-8963648 elementor-section-boxed elementor-section-height-default elementor-section-height-default\" data-id=\"8963648\" data-element_type=\"section\" data-e-type=\"section\">\n\t\t\t\t\t\t<div class=\"elementor-container elementor-column-gap-default\">\n\t\t\t\t\t<div class=\"elementor-column elementor-col-50 elementor-inner-column elementor-element elementor-element-c7f53ca\" data-id=\"c7f53ca\" data-element_type=\"column\" data-e-type=\"column\">\n\t\t\t<div class=\"elementor-widget-wrap elementor-element-populated\">\n\t\t\t\t\t\t<div class=\"elementor-element elementor-element-cdb7db0 elementor-widget elementor-widget-text-editor\" data-id=\"cdb7db0\" data-element_type=\"widget\" data-e-type=\"widget\" data-widget_type=\"text-editor.default\">\n\t\t\t\t<div class=\"elementor-widget-container\">\n\t\t\t\t\t\t\t\t\tLiubov werd geboren in Dnjepropetrovsk, Oekra\u00efne in 1986. Ze behaalde haar Master of Art aan de pianoafdeling van de Tsjaikovski Nationale Muziekacademie van Oekra\u00efne in Kiev, waar ze studeerde bij Olexandr Lysokon, een ge\u00eberd kunstenaar van Oekra\u00efne. Klavecimbelspel studeerde ze aan dezelfde academie, waar ze ook een postdoctorale opleiding volgde bij Svitlana Shabaltina, een ge\u00eberd kunstenaar. Liubov promoveerde in de musicologie en haar proefschrift is gewijd aan de Elizabethaanse klaviermuziek. Ze volgde cursussen bij Alexei Liubimov, Christopher Stembridge, Andreas Staier, Aline Zylberajch-Gester, Martin Gester, Patrick Ayrton, Richard Egarr, Jean Rondeau en Luca Montebugnoli. Ze ontving de &quot;Extraordinary Music Talent Award&quot; van de Austria Barock Akademie in Gmunden (Oostenrijk), won de eerste prijs voor &quot;Solo spelen met klavecimbel&quot; en de Grand Prix voor &quot;Solo met orkest&quot; tijdens de III Wanda Landowska International Harpsichord Competition (Ruvo di Puglia, Itali\u00eb), de eerste prijs tijdens de XVII Torneo Internazionale di Musica (Turijn, Itali\u00eb), de eerste prijs tijdens de eerste Oekra\u00efense klavecimbelcompetitie &quot;Primus enter pares&quot; (Kiev, Oekra\u00efne), de eerste prijs op het muziekfestival &quot;Music without borders&quot; (Litouwen, online) en werd finalist van de Prix Annelie de Man 2021. Als pianodocente werkte Liubov aan de 36e gespecialiseerde muziekschool in Kiev en gaf ze ook priv\u00e9lessen piano aan mensen van verschillende leeftijden en niveaus. Liubov begeleidt zangers en instrumentalisten tijdens concerten, zowel op de piano als op het klavecimbel. Van 2009 tot 2012 was Liubov begeleider bij een koordirectieklas aan het R. Glier Kyiv Institute of Music. Van 2012 tot 2022 was Liubov correpetitor bij het Nationaal Academisch Operettetheater van Kiev, waar ze in 2014 ook mise-en-sc\u00e8nerepetities verzorgde. Naast haar baan bij het Nationaal Academisch Operettetheater was ze van 2014 tot 2022 begeleider bij een koordirectieklas en een accordeonklas aan de Tsjaikovski Nationale Muziekacademie van Oekra\u00efne.\t\t\t\t\t\t\t\t<\/div>\n\t\t\t\t<\/div>\n\t\t\t\t<div class=\"elementor-element elementor-element-a9fd994 elementor-mobile-align-center elementor-widget elementor-widget-button\" data-id=\"a9fd994\" data-element_type=\"widget\" data-e-type=\"widget\" data-widget_type=\"button.default\">\n\t\t\t\t<div class=\"elementor-widget-container\">\n\t\t\t\t\t\t\t\t\t<div class=\"elementor-button-wrapper\">\n\t\t\t\t\t<a class=\"elementor-button elementor-button-link elementor-size-sm\" href=\"https:\/\/muziekacademieamsterdam.com\/nl\/lessons\/\">\n\t\t\t\t\t\t<span class=\"elementor-button-content-wrapper\">\n\t\t\t\t\t\t<span class=\"elementor-button-icon\">\n\t\t\t\t<i aria-hidden=\"true\" class=\"fas fa-caret-right\"><\/i>\t\t\t<\/span>\n\t\t\t\t\t\t\t\t\t<span class=\"elementor-button-text\">Ontdek lessen<\/span>\n\t\t\t\t\t<\/span>\n\t\t\t\t\t<\/a>\n\t\t\t\t<\/div>\n\t\t\t\t\t\t\t\t<\/div>\n\t\t\t\t<\/div>\n\t\t\t\t\t<\/div>\n\t\t<\/div>\n\t\t\t\t<div class=\"elementor-column elementor-col-50 elementor-inner-column elementor-element elementor-element-cf79cf5\" data-id=\"cf79cf5\" data-element_type=\"column\" data-e-type=\"column\">\n\t\t\t<div class=\"elementor-widget-wrap elementor-element-populated\">\n\t\t\t\t\t\t<div class=\"elementor-element elementor-element-4a5b805 elementor-widget elementor-widget-image\" data-id=\"4a5b805\" data-element_type=\"widget\" data-e-type=\"widget\" data-widget_type=\"image.default\">\n\t\t\t\t<div class=\"elementor-widget-container\">\n\t\t\t\t\t\t\t\t\t\t\t\t\t\t\t<img fetchpriority=\"high\" decoding=\"async\" width=\"750\" height=\"754\" src=\"https:\/\/muziekacademieamsterdam.com\/wp-content\/uploads\/2025\/07\/Liubov_Titarenko_-_photo_Kira_Kuznetsova_img239-2.jpg\" class=\"attachment-large size-large wp-image-3084\" alt=\"\" srcset=\"https:\/\/muziekacademieamsterdam.com\/wp-content\/uploads\/2025\/07\/Liubov_Titarenko_-_photo_Kira_Kuznetsova_img239-2.jpg 750w, https:\/\/muziekacademieamsterdam.com\/wp-content\/uploads\/2025\/07\/Liubov_Titarenko_-_photo_Kira_Kuznetsova_img239-2-298x300.jpg 298w, https:\/\/muziekacademieamsterdam.com\/wp-content\/uploads\/2025\/07\/Liubov_Titarenko_-_photo_Kira_Kuznetsova_img239-2-150x150.jpg 150w, https:\/\/muziekacademieamsterdam.com\/wp-content\/uploads\/2025\/07\/Liubov_Titarenko_-_photo_Kira_Kuznetsova_img239-2-12x12.jpg 12w\" sizes=\"(max-width: 750px) 100vw, 750px\" \/>\t\t\t\t\t\t\t\t\t\t\t\t\t\t\t<\/div>\n\t\t\t\t<\/div>\n\t\t\t\t<div class=\"elementor-element elementor-element-fe358ad elementor-widget elementor-widget-video\" data-id=\"fe358ad\" data-element_type=\"widget\" data-e-type=\"widget\" data-settings=\"{&quot;youtube_url&quot;:&quot;https:\\\/\\\/www.youtube.com\\\/watch?v=zK6XOhNnPJE&quot;,&quot;video_type&quot;:&quot;youtube&quot;,&quot;controls&quot;:&quot;yes&quot;}\" data-widget_type=\"video.default\">\n\t\t\t\t<div class=\"elementor-widget-container\">\n\t\t\t\t\t\t\t<div class=\"elementor-wrapper elementor-open-inline\">\n\t\t\t<div class=\"elementor-video\"><\/div>\t\t<\/div>\n\t\t\t\t\t\t<\/div>\n\t\t\t\t<\/div>\n\t\t\t\t<div class=\"elementor-element elementor-element-37b95b1 elementor-widget elementor-widget-video\" data-id=\"37b95b1\" data-element_type=\"widget\" data-e-type=\"widget\" data-settings=\"{&quot;youtube_url&quot;:&quot;https:\\\/\\\/www.youtube.com\\\/watch?v=H1qNw2tExAQ&quot;,&quot;video_type&quot;:&quot;youtube&quot;,&quot;controls&quot;:&quot;yes&quot;}\" data-widget_type=\"video.default\">\n\t\t\t\t<div class=\"elementor-widget-container\">\n\t\t\t\t\t\t\t<div class=\"elementor-wrapper elementor-open-inline\">\n\t\t\t<div class=\"elementor-video\"><\/div>\t\t<\/div>\n\t\t\t\t\t\t<\/div>\n\t\t\t\t<\/div>\n\t\t\t\t\t<\/div>\n\t\t<\/div>\n\t\t\t\t\t<\/div>\n\t\t<\/section>\n\t\t\t\t\t<\/div>\n\t\t<\/div>\n\t\t\t\t\t<\/div>\n\t\t<\/section>\n\t\t\t\t<\/div>","protected":false},"excerpt":{"rendered":"<p>Liubov Titarenko Teacher Apply for a trial lesson! Apply now Liubov was born in Dnipropetrovsk, Ukraine in 1986. She graduated [&hellip;]<\/p>\n","protected":false},"author":2,"featured_media":0,"parent":1878,"menu_order":0,"comment_status":"closed","ping_status":"closed","template":"","meta":{"site-sidebar-layout":"no-sidebar","site-content-layout":"","ast-site-content-layout":"full-width-container","site-content-style":"default","site-sidebar-style":"default","ast-global-header-display":"","ast-banner-title-visibility":"","ast-main-header-display":"","ast-hfb-above-header-display":"","ast-hfb-below-header-display":"","ast-hfb-mobile-header-display":"","site-post-title":"disabled","ast-breadcrumbs-content":"","ast-featured-img":"disabled","footer-sml-layout":"","ast-disable-related-posts":"","theme-transparent-header-meta":"","adv-header-id-meta":"","stick-header-meta":"","header-above-stick-meta":"","header-main-stick-meta":"","header-below-stick-meta":"","astra-migrate-meta-layouts":"default","ast-page-background-enabled":"default","ast-page-background-meta":{"desktop":{"background-color":"var(--ast-global-color-5)","background-image":"","background-repeat":"repeat","background-position":"center center","background-size":"auto","background-attachment":"scroll","background-type":"","background-media":"","overlay-type":"","overlay-color":"","overlay-opacity":"","overlay-gradient":""},"tablet":{"background-color":"","background-image":"","background-repeat":"repeat","background-position":"center center","background-size":"auto","background-attachment":"scroll","background-type":"","background-media":"","overlay-type":"","overlay-color":"","overlay-opacity":"","overlay-gradient":""},"mobile":{"background-color":"","background-image":"","background-repeat":"repeat","background-position":"center center","background-size":"auto","background-attachment":"scroll","background-type":"","background-media":"","overlay-type":"","overlay-color":"","overlay-opacity":"","overlay-gradient":""}},"ast-content-background-meta":{"desktop":{"background-color":"var(--ast-global-color-4)","background-image":"","background-repeat":"repeat","background-position":"center center","background-size":"auto","background-attachment":"scroll","background-type":"","background-media":"","overlay-type":"","overlay-color":"","overlay-opacity":"","overlay-gradient":""},"tablet":{"background-color":"var(--ast-global-color-4)","background-image":"","background-repeat":"repeat","background-position":"center center","background-size":"auto","background-attachment":"scroll","background-type":"","background-media":"","overlay-type":"","overlay-color":"","overlay-opacity":"","overlay-gradient":""},"mobile":{"background-color":"var(--ast-global-color-4)","background-image":"","background-repeat":"repeat","background-position":"center center","background-size":"auto","background-attachment":"scroll","background-type":"","background-media":"","overlay-type":"","overlay-color":"","overlay-opacity":"","overlay-gradient":""}},"footnotes":""},"class_list":["post-3082","page","type-page","status-publish","hentry"],"_links":{"self":[{"href":"https:\/\/muziekacademieamsterdam.com\/nl\/wp-json\/wp\/v2\/pages\/3082","targetHints":{"allow":["GET"]}}],"collection":[{"href":"https:\/\/muziekacademieamsterdam.com\/nl\/wp-json\/wp\/v2\/pages"}],"about":[{"href":"https:\/\/muziekacademieamsterdam.com\/nl\/wp-json\/wp\/v2\/types\/page"}],"author":[{"embeddable":true,"href":"https:\/\/muziekacademieamsterdam.com\/nl\/wp-json\/wp\/v2\/users\/2"}],"replies":[{"embeddable":true,"href":"https:\/\/muziekacademieamsterdam.com\/nl\/wp-json\/wp\/v2\/comments?post=3082"}],"version-history":[{"count":4,"href":"https:\/\/muziekacademieamsterdam.com\/nl\/wp-json\/wp\/v2\/pages\/3082\/revisions"}],"predecessor-version":[{"id":3087,"href":"https:\/\/muziekacademieamsterdam.com\/nl\/wp-json\/wp\/v2\/pages\/3082\/revisions\/3087"}],"up":[{"embeddable":true,"href":"https:\/\/muziekacademieamsterdam.com\/nl\/wp-json\/wp\/v2\/pages\/1878"}],"wp:attachment":[{"href":"https:\/\/muziekacademieamsterdam.com\/nl\/wp-json\/wp\/v2\/media?parent=3082"}],"curies":[{"name":"wp","href":"https:\/\/api.w.org\/{rel}","templated":true}]}}