{"id":3183,"date":"2025-07-11T18:54:04","date_gmt":"2025-07-11T17:54:04","guid":{"rendered":"https:\/\/muziekacademieamsterdam.com\/?page_id=3183"},"modified":"2025-07-11T19:02:30","modified_gmt":"2025-07-11T18:02:30","slug":"elisa-marangon","status":"publish","type":"page","link":"https:\/\/muziekacademieamsterdam.com\/nl\/our-teachers\/elisa-marangon\/","title":{"rendered":"Elisa Marangon"},"content":{"rendered":"<div data-elementor-type=\"wp-page\" data-elementor-id=\"3183\" class=\"elementor elementor-3183\">\n\t\t\t\t\t\t<section class=\"elementor-section elementor-top-section elementor-element elementor-element-fcb1fc9 elementor-section-stretched elementor-section-boxed elementor-section-height-default elementor-section-height-default\" data-id=\"fcb1fc9\" data-element_type=\"section\" data-e-type=\"section\" data-settings=\"{&quot;stretch_section&quot;:&quot;section-stretched&quot;,&quot;background_background&quot;:&quot;classic&quot;}\">\n\t\t\t\t\t\t<div class=\"elementor-container elementor-column-gap-default\">\n\t\t\t\t\t<div class=\"elementor-column elementor-col-100 elementor-top-column elementor-element elementor-element-d7f68f6\" data-id=\"d7f68f6\" data-element_type=\"column\" data-e-type=\"column\" data-settings=\"{&quot;background_background&quot;:&quot;classic&quot;}\">\n\t\t\t<div class=\"elementor-widget-wrap elementor-element-populated\">\n\t\t\t\t\t\t<section class=\"elementor-section elementor-inner-section elementor-element elementor-element-544b92f elementor-section-boxed elementor-section-height-default elementor-section-height-default\" data-id=\"544b92f\" data-element_type=\"section\" data-e-type=\"section\">\n\t\t\t\t\t\t<div class=\"elementor-container elementor-column-gap-default\">\n\t\t\t\t\t<div class=\"elementor-column elementor-col-50 elementor-inner-column elementor-element elementor-element-e52f38c\" data-id=\"e52f38c\" data-element_type=\"column\" data-e-type=\"column\">\n\t\t\t<div class=\"elementor-widget-wrap elementor-element-populated\">\n\t\t\t\t\t\t<div class=\"elementor-element elementor-element-67a82ba elementor-widget elementor-widget-heading\" data-id=\"67a82ba\" data-element_type=\"widget\" data-e-type=\"widget\" data-widget_type=\"heading.default\">\n\t\t\t\t<div class=\"elementor-widget-container\">\n\t\t\t\t\t<h1 class=\"elementor-heading-title elementor-size-default\">Elisa Marangon<\/h1>\t\t\t\t<\/div>\n\t\t\t\t<\/div>\n\t\t\t\t<div class=\"elementor-element elementor-element-bebba47 elementor-widget elementor-widget-heading\" data-id=\"bebba47\" data-element_type=\"widget\" data-e-type=\"widget\" data-widget_type=\"heading.default\">\n\t\t\t\t<div class=\"elementor-widget-container\">\n\t\t\t\t\t<h4 class=\"elementor-heading-title elementor-size-default\">Docent<\/h4>\t\t\t\t<\/div>\n\t\t\t\t<\/div>\n\t\t\t\t\t<\/div>\n\t\t<\/div>\n\t\t\t\t<div class=\"elementor-column elementor-col-50 elementor-inner-column elementor-element elementor-element-fb22e44\" data-id=\"fb22e44\" data-element_type=\"column\" data-e-type=\"column\">\n\t\t\t<div class=\"elementor-widget-wrap elementor-element-populated\">\n\t\t\t\t\t\t<div class=\"elementor-element elementor-element-1004bca elementor-widget__width-initial elementor-widget elementor-widget-heading\" data-id=\"1004bca\" data-element_type=\"widget\" data-e-type=\"widget\" data-widget_type=\"heading.default\">\n\t\t\t\t<div class=\"elementor-widget-container\">\n\t\t\t\t\t<h2 class=\"elementor-heading-title elementor-size-default\">Vraag een proefles aan!<\/h2>\t\t\t\t<\/div>\n\t\t\t\t<\/div>\n\t\t\t\t\t<\/div>\n\t\t<\/div>\n\t\t\t\t\t<\/div>\n\t\t<\/section>\n\t\t\t\t\t<\/div>\n\t\t<\/div>\n\t\t\t\t\t<\/div>\n\t\t<\/section>\n\t\t\t\t<section class=\"elementor-section elementor-top-section elementor-element elementor-element-684a228 elementor-section-stretched elementor-reverse-tablet elementor-reverse-mobile elementor-section-boxed elementor-section-height-default elementor-section-height-default\" data-id=\"684a228\" data-element_type=\"section\" data-e-type=\"section\" data-settings=\"{&quot;stretch_section&quot;:&quot;section-stretched&quot;,&quot;background_background&quot;:&quot;classic&quot;}\">\n\t\t\t\t\t\t<div class=\"elementor-container elementor-column-gap-default\">\n\t\t\t\t\t<div class=\"elementor-column elementor-col-50 elementor-top-column elementor-element elementor-element-2c5eb4f\" data-id=\"2c5eb4f\" data-element_type=\"column\" data-e-type=\"column\">\n\t\t\t<div class=\"elementor-widget-wrap\">\n\t\t\t\t\t\t\t<\/div>\n\t\t<\/div>\n\t\t\t\t<div class=\"elementor-column elementor-col-50 elementor-top-column elementor-element elementor-element-3d4988f\" data-id=\"3d4988f\" data-element_type=\"column\" data-e-type=\"column\" data-settings=\"{&quot;background_background&quot;:&quot;classic&quot;}\">\n\t\t\t<div class=\"elementor-widget-wrap elementor-element-populated\">\n\t\t\t\t\t\t<div class=\"elementor-element elementor-element-a723996 elementor-mobile-align-left arrow-right elementor-tablet-align-justify elementor-widget elementor-widget-button\" data-id=\"a723996\" data-element_type=\"widget\" data-e-type=\"widget\" data-widget_type=\"button.default\">\n\t\t\t\t<div class=\"elementor-widget-container\">\n\t\t\t\t\t\t\t\t\t<div class=\"elementor-button-wrapper\">\n\t\t\t\t\t<a class=\"elementor-button elementor-button-link elementor-size-sm\" href=\"https:\/\/muziekacademieamsterdam.com\/nl\/trial-lesson\/\">\n\t\t\t\t\t\t<span class=\"elementor-button-content-wrapper\">\n\t\t\t\t\t\t<span class=\"elementor-button-icon\">\n\t\t\t\t<i aria-hidden=\"true\" class=\"fas fa-caret-right\"><\/i>\t\t\t<\/span>\n\t\t\t\t\t\t\t\t\t<span class=\"elementor-button-text\">Nu aanvragen<\/span>\n\t\t\t\t\t<\/span>\n\t\t\t\t\t<\/a>\n\t\t\t\t<\/div>\n\t\t\t\t\t\t\t\t<\/div>\n\t\t\t\t<\/div>\n\t\t\t\t\t<\/div>\n\t\t<\/div>\n\t\t\t\t\t<\/div>\n\t\t<\/section>\n\t\t\t\t<section class=\"elementor-section elementor-top-section elementor-element elementor-element-f568367 elementor-section-boxed elementor-section-height-default elementor-section-height-default\" data-id=\"f568367\" data-element_type=\"section\" data-e-type=\"section\">\n\t\t\t\t\t\t<div class=\"elementor-container elementor-column-gap-default\">\n\t\t\t\t\t<div class=\"elementor-column elementor-col-100 elementor-top-column elementor-element elementor-element-6ed573d\" data-id=\"6ed573d\" data-element_type=\"column\" data-e-type=\"column\">\n\t\t\t<div class=\"elementor-widget-wrap elementor-element-populated\">\n\t\t\t\t\t\t<section class=\"elementor-section elementor-inner-section elementor-element elementor-element-04f6f73 elementor-section-boxed elementor-section-height-default elementor-section-height-default\" data-id=\"04f6f73\" data-element_type=\"section\" data-e-type=\"section\">\n\t\t\t\t\t\t<div class=\"elementor-container elementor-column-gap-default\">\n\t\t\t\t\t<div class=\"elementor-column elementor-col-50 elementor-inner-column elementor-element elementor-element-909229f\" data-id=\"909229f\" data-element_type=\"column\" data-e-type=\"column\">\n\t\t\t<div class=\"elementor-widget-wrap elementor-element-populated\">\n\t\t\t\t\t\t<div class=\"elementor-element elementor-element-7f7441d elementor-widget elementor-widget-text-editor\" data-id=\"7f7441d\" data-element_type=\"widget\" data-e-type=\"widget\" data-widget_type=\"text-editor.default\">\n\t\t\t\t<div class=\"elementor-widget-container\">\n\t\t\t\t\t\t\t\t\t<p>Elisa Marangon \u2013 Italiaanse docent\/zangeres\/pianist\/componist Onlangs verhuisd naar Amsterdam, is ze een actieve muzikante in zowel Nederland, Itali\u00eb als in het buitenland, en speelde ze in verschillende jazzclubs en jazzfestivals, zoals het Falkenberg Jazz Festival in Zweden, het Italian Institute of Culture (Amsterdam), Casa del jazz (Rome), Lucca Jazz Donna (IT), Torino Jazz Festival (IT), LAC (Zwitserland), Tones on the Stones Festival (IT), Festival Mutamenti (IT), Ossola Guitar Festival (IT), Ambria Jazz Festival (IT), Midnight Jazz Festival in Milaan (IT), Torino Jazz Club (IT), Bonaventura Jazz Club in Milaan (IT), Jazz in Bess in Lugano (Zwitserland), 67 Jazz Club (IT), Garage Moulinski (IT), Jazz&#039;Appeal (IT), Circolo delle Quinte in Rome (IT), Novara Jazz (IT), Biella Jazz Club (IT), Teatro Munganga (Amsterdam)\u2026<br \/><br \/><\/p><p>Ze studeerde bij Diana Torto en studeerde met de hoogste onderscheiding af in jazzzang aan het Conservatorium &quot;GB Martini&quot; in Bologna (Itali\u00eb). Ze vult haar studie aan met<br \/>jazzpianolessen bij Ramberto Ciammarughi en Roberto Olzer en deelname aan verschillende seminars, waaronder de \u201cKeep an eye Summer Jazz Workshop\u201d aan het Conservatorium van Amsterdam, \u201cNuoro Jazz\u201d in Itali\u00eb\u2026<\/p><p>Naast zijn werk als uitvoerend muzikant geeft hij al 15 jaar zang-, piano- en koorles aan leerlingen van alle leeftijden (kinderen, tieners en volwassenen) in Itali\u00eb en Zwitserland. De afgelopen jaren geeft ze ook les op Nederlandse scholen, zowel priv\u00e9 als online.<\/p><p>Ze nam zes albums op als zangeres en \u00e9\u00e9n als zangeres-pianist, samen met het Canova Trio met Fulvio Sigurt\u00e0 (&quot;Agata&quot;, Filibusta Records 2022).<\/p><p>Onder de verschillende samenwerkingen: Fabrizio Bosso, Ramberto Ciammarughi, Maripepa Contreras, Ewan Svensson, Fulvio Sigurt\u00e0, Mauro Beggio, Pedro Ivo Ferreira, Mauro Negri, Marco Micheli, Yuri Goloubev, Gianluca Di Ienno, Roberto Olzer, Riccardo Fioravanti, Francesco D&#039;Auria, Attilio Zanchi, Jonathan Williams, Deobrat e Prashant Mishra, Rudy Migliardi, Max De Aloe, Michele Gori, Simone Locarni..<\/p>\t\t\t\t\t\t\t\t<\/div>\n\t\t\t\t<\/div>\n\t\t\t\t<div class=\"elementor-element elementor-element-62de691 elementor-widget elementor-widget-video\" data-id=\"62de691\" data-element_type=\"widget\" data-e-type=\"widget\" data-settings=\"{&quot;youtube_url&quot;:&quot;https:\\\/\\\/www.youtube.com\\\/watch?v=eTZlNjPqlFc&amp;list=RDeTZlNjPqlFc&amp;start_radio=1&quot;,&quot;video_type&quot;:&quot;youtube&quot;,&quot;controls&quot;:&quot;yes&quot;}\" data-widget_type=\"video.default\">\n\t\t\t\t<div class=\"elementor-widget-container\">\n\t\t\t\t\t\t\t<div class=\"elementor-wrapper elementor-open-inline\">\n\t\t\t<div class=\"elementor-video\"><\/div>\t\t<\/div>\n\t\t\t\t\t\t<\/div>\n\t\t\t\t<\/div>\n\t\t\t\t<div class=\"elementor-element elementor-element-5d61c88 elementor-mobile-align-center elementor-widget elementor-widget-button\" data-id=\"5d61c88\" data-element_type=\"widget\" data-e-type=\"widget\" data-widget_type=\"button.default\">\n\t\t\t\t<div class=\"elementor-widget-container\">\n\t\t\t\t\t\t\t\t\t<div class=\"elementor-button-wrapper\">\n\t\t\t\t\t<a class=\"elementor-button elementor-button-link elementor-size-sm\" href=\"https:\/\/muziekacademieamsterdam.com\/nl\/lessons\/\">\n\t\t\t\t\t\t<span class=\"elementor-button-content-wrapper\">\n\t\t\t\t\t\t<span class=\"elementor-button-icon\">\n\t\t\t\t<i aria-hidden=\"true\" class=\"fas fa-caret-right\"><\/i>\t\t\t<\/span>\n\t\t\t\t\t\t\t\t\t<span class=\"elementor-button-text\">Ontdek lessen<\/span>\n\t\t\t\t\t<\/span>\n\t\t\t\t\t<\/a>\n\t\t\t\t<\/div>\n\t\t\t\t\t\t\t\t<\/div>\n\t\t\t\t<\/div>\n\t\t\t\t\t<\/div>\n\t\t<\/div>\n\t\t\t\t<div class=\"elementor-column elementor-col-50 elementor-inner-column elementor-element elementor-element-d8dacbc\" data-id=\"d8dacbc\" data-element_type=\"column\" data-e-type=\"column\">\n\t\t\t<div class=\"elementor-widget-wrap elementor-element-populated\">\n\t\t\t\t\t\t<div class=\"elementor-element elementor-element-fcbceaf elementor-widget elementor-widget-image\" data-id=\"fcbceaf\" data-element_type=\"widget\" data-e-type=\"widget\" data-widget_type=\"image.default\">\n\t\t\t\t<div class=\"elementor-widget-container\">\n\t\t\t\t\t\t\t\t\t\t\t\t\t\t\t<img fetchpriority=\"high\" decoding=\"async\" width=\"793\" height=\"1024\" src=\"https:\/\/muziekacademieamsterdam.com\/wp-content\/uploads\/2025\/07\/DSC_6606-2-min-1-793x1024.jpg\" class=\"attachment-large size-large wp-image-3186\" alt=\"\" srcset=\"https:\/\/muziekacademieamsterdam.com\/wp-content\/uploads\/2025\/07\/DSC_6606-2-min-1-793x1024.jpg 793w, https:\/\/muziekacademieamsterdam.com\/wp-content\/uploads\/2025\/07\/DSC_6606-2-min-1-232x300.jpg 232w, https:\/\/muziekacademieamsterdam.com\/wp-content\/uploads\/2025\/07\/DSC_6606-2-min-1-768x992.jpg 768w, https:\/\/muziekacademieamsterdam.com\/wp-content\/uploads\/2025\/07\/DSC_6606-2-min-1-1189x1536.jpg 1189w, https:\/\/muziekacademieamsterdam.com\/wp-content\/uploads\/2025\/07\/DSC_6606-2-min-1-1586x2048.jpg 1586w, https:\/\/muziekacademieamsterdam.com\/wp-content\/uploads\/2025\/07\/DSC_6606-2-min-1-9x12.jpg 9w, https:\/\/muziekacademieamsterdam.com\/wp-content\/uploads\/2025\/07\/DSC_6606-2-min-1-scaled.jpg 1982w\" sizes=\"(max-width: 793px) 100vw, 793px\" \/>\t\t\t\t\t\t\t\t\t\t\t\t\t\t\t<\/div>\n\t\t\t\t<\/div>\n\t\t\t\t<div class=\"elementor-element elementor-element-68ebfc9 elementor-widget elementor-widget-video\" data-id=\"68ebfc9\" data-element_type=\"widget\" data-e-type=\"widget\" data-settings=\"{&quot;youtube_url&quot;:&quot;https:\\\/\\\/www.youtube.com\\\/watch?v=sV4GR3BaDmo&amp;list=RDsV4GR3BaDmo&amp;start_radio=1&quot;,&quot;video_type&quot;:&quot;youtube&quot;,&quot;controls&quot;:&quot;yes&quot;}\" data-widget_type=\"video.default\">\n\t\t\t\t<div class=\"elementor-widget-container\">\n\t\t\t\t\t\t\t<div class=\"elementor-wrapper elementor-open-inline\">\n\t\t\t<div class=\"elementor-video\"><\/div>\t\t<\/div>\n\t\t\t\t\t\t<\/div>\n\t\t\t\t<\/div>\n\t\t\t\t<div class=\"elementor-element elementor-element-9ac0342 elementor-widget elementor-widget-video\" data-id=\"9ac0342\" data-element_type=\"widget\" data-e-type=\"widget\" data-settings=\"{&quot;youtube_url&quot;:&quot;https:\\\/\\\/www.youtube.com\\\/watch?v=1XSGKrpvaSE&amp;list=OLAK5uy_nux9SMqT4EFqav8UITK0kCpTjjr6sVMSo&amp;index=6&quot;,&quot;video_type&quot;:&quot;youtube&quot;,&quot;controls&quot;:&quot;yes&quot;}\" data-widget_type=\"video.default\">\n\t\t\t\t<div class=\"elementor-widget-container\">\n\t\t\t\t\t\t\t<div class=\"elementor-wrapper elementor-open-inline\">\n\t\t\t<div class=\"elementor-video\"><\/div>\t\t<\/div>\n\t\t\t\t\t\t<\/div>\n\t\t\t\t<\/div>\n\t\t\t\t<div class=\"elementor-element elementor-element-bb71203 elementor-widget elementor-widget-video\" data-id=\"bb71203\" data-element_type=\"widget\" data-e-type=\"widget\" data-settings=\"{&quot;youtube_url&quot;:&quot;https:\\\/\\\/www.youtube.com\\\/watch?v=ZrZf9ktgKrM&amp;list=RDZrZf9ktgKrM&amp;start_radio=1&quot;,&quot;video_type&quot;:&quot;youtube&quot;,&quot;controls&quot;:&quot;yes&quot;}\" data-widget_type=\"video.default\">\n\t\t\t\t<div class=\"elementor-widget-container\">\n\t\t\t\t\t\t\t<div class=\"elementor-wrapper elementor-open-inline\">\n\t\t\t<div class=\"elementor-video\"><\/div>\t\t<\/div>\n\t\t\t\t\t\t<\/div>\n\t\t\t\t<\/div>\n\t\t\t\t\t<\/div>\n\t\t<\/div>\n\t\t\t\t\t<\/div>\n\t\t<\/section>\n\t\t\t\t\t<\/div>\n\t\t<\/div>\n\t\t\t\t\t<\/div>\n\t\t<\/section>\n\t\t\t\t<\/div>","protected":false},"excerpt":{"rendered":"<p>Elisa Marangon Teacher Apply for a trial lesson! Apply now Elisa Marangon \u2013 Italian teacher\/singer\/pianist\/composer Recently moved to Amsterdam, she [&hellip;]<\/p>\n","protected":false},"author":2,"featured_media":0,"parent":1878,"menu_order":0,"comment_status":"closed","ping_status":"closed","template":"","meta":{"site-sidebar-layout":"no-sidebar","site-content-layout":"","ast-site-content-layout":"full-width-container","site-content-style":"default","site-sidebar-style":"default","ast-global-header-display":"","ast-banner-title-visibility":"","ast-main-header-display":"","ast-hfb-above-header-display":"","ast-hfb-below-header-display":"","ast-hfb-mobile-header-display":"","site-post-title":"disabled","ast-breadcrumbs-content":"","ast-featured-img":"disabled","footer-sml-layout":"","ast-disable-related-posts":"","theme-transparent-header-meta":"","adv-header-id-meta":"","stick-header-meta":"","header-above-stick-meta":"","header-main-stick-meta":"","header-below-stick-meta":"","astra-migrate-meta-layouts":"default","ast-page-background-enabled":"default","ast-page-background-meta":{"desktop":{"background-color":"var(--ast-global-color-5)","background-image":"","background-repeat":"repeat","background-position":"center center","background-size":"auto","background-attachment":"scroll","background-type":"","background-media":"","overlay-type":"","overlay-color":"","overlay-opacity":"","overlay-gradient":""},"tablet":{"background-color":"","background-image":"","background-repeat":"repeat","background-position":"center center","background-size":"auto","background-attachment":"scroll","background-type":"","background-media":"","overlay-type":"","overlay-color":"","overlay-opacity":"","overlay-gradient":""},"mobile":{"background-color":"","background-image":"","background-repeat":"repeat","background-position":"center center","background-size":"auto","background-attachment":"scroll","background-type":"","background-media":"","overlay-type":"","overlay-color":"","overlay-opacity":"","overlay-gradient":""}},"ast-content-background-meta":{"desktop":{"background-color":"var(--ast-global-color-4)","background-image":"","background-repeat":"repeat","background-position":"center center","background-size":"auto","background-attachment":"scroll","background-type":"","background-media":"","overlay-type":"","overlay-color":"","overlay-opacity":"","overlay-gradient":""},"tablet":{"background-color":"var(--ast-global-color-4)","background-image":"","background-repeat":"repeat","background-position":"center center","background-size":"auto","background-attachment":"scroll","background-type":"","background-media":"","overlay-type":"","overlay-color":"","overlay-opacity":"","overlay-gradient":""},"mobile":{"background-color":"var(--ast-global-color-4)","background-image":"","background-repeat":"repeat","background-position":"center center","background-size":"auto","background-attachment":"scroll","background-type":"","background-media":"","overlay-type":"","overlay-color":"","overlay-opacity":"","overlay-gradient":""}},"footnotes":""},"class_list":["post-3183","page","type-page","status-publish","hentry"],"_links":{"self":[{"href":"https:\/\/muziekacademieamsterdam.com\/nl\/wp-json\/wp\/v2\/pages\/3183","targetHints":{"allow":["GET"]}}],"collection":[{"href":"https:\/\/muziekacademieamsterdam.com\/nl\/wp-json\/wp\/v2\/pages"}],"about":[{"href":"https:\/\/muziekacademieamsterdam.com\/nl\/wp-json\/wp\/v2\/types\/page"}],"author":[{"embeddable":true,"href":"https:\/\/muziekacademieamsterdam.com\/nl\/wp-json\/wp\/v2\/users\/2"}],"replies":[{"embeddable":true,"href":"https:\/\/muziekacademieamsterdam.com\/nl\/wp-json\/wp\/v2\/comments?post=3183"}],"version-history":[{"count":4,"href":"https:\/\/muziekacademieamsterdam.com\/nl\/wp-json\/wp\/v2\/pages\/3183\/revisions"}],"predecessor-version":[{"id":3189,"href":"https:\/\/muziekacademieamsterdam.com\/nl\/wp-json\/wp\/v2\/pages\/3183\/revisions\/3189"}],"up":[{"embeddable":true,"href":"https:\/\/muziekacademieamsterdam.com\/nl\/wp-json\/wp\/v2\/pages\/1878"}],"wp:attachment":[{"href":"https:\/\/muziekacademieamsterdam.com\/nl\/wp-json\/wp\/v2\/media?parent=3183"}],"curies":[{"name":"wp","href":"https:\/\/api.w.org\/{rel}","templated":true}]}}